{"id":14,"date":"2022-08-26T18:03:01","date_gmt":"2022-08-26T18:03:01","guid":{"rendered":"https:\/\/outby.se\/newsite\/?page_id=14"},"modified":"2023-07-04T16:02:50","modified_gmt":"2023-07-04T14:02:50","slug":"for-anlaggningar","status":"publish","type":"page","link":"https:\/\/outby.se\/newsite\/for-anlaggningar\/","title":{"rendered":"F\u00f6r anl\u00e4ggningar"},"content":{"rendered":"\t\t<div data-elementor-type=\"wp-page\" data-elementor-id=\"14\" class=\"elementor elementor-14\" data-elementor-post-type=\"page\">\n\t\t\t\t<div class=\"elementor-element elementor-element-7bf77ab e-flex e-con-boxed e-con e-parent\" data-id=\"7bf77ab\" data-element_type=\"container\" data-settings=\"{&quot;background_background&quot;:&quot;classic&quot;}\">\n\t\t\t\t\t<div class=\"e-con-inner\">\n\t\t\t\t<div class=\"elementor-element elementor-element-b2f344a elementor-invisible elementor-widget elementor-widget-heading\" data-id=\"b2f344a\" data-element_type=\"widget\" data-settings=\"{&quot;_animation&quot;:&quot;fadeInDown&quot;}\" data-widget_type=\"heading.default\">\n\t\t\t\t<div class=\"elementor-widget-container\">\n\t\t\t\t\t<h2 class=\"elementor-heading-title elementor-size-default\">F\u00f6r anl\u00e4ggningar<\/h2>\t\t\t\t<\/div>\n\t\t\t\t<\/div>\n\t\t\t\t\t<\/div>\n\t\t\t\t<\/div>\n\t\t<div class=\"elementor-element elementor-element-f44f268 e-flex e-con-boxed elementor-invisible e-con e-parent\" data-id=\"f44f268\" data-element_type=\"container\" data-settings=\"{&quot;animation&quot;:&quot;fadeInDown&quot;,&quot;background_background&quot;:&quot;classic&quot;,&quot;animation_mobile&quot;:&quot;none&quot;}\">\n\t\t\t\t\t<div class=\"e-con-inner\">\n\t\t\t\t<div class=\"elementor-element elementor-element-c167030 elementor-widget elementor-widget-heading\" data-id=\"c167030\" data-element_type=\"widget\" data-settings=\"{&quot;_animation_mobile&quot;:&quot;none&quot;}\" data-widget_type=\"heading.default\">\n\t\t\t\t<div class=\"elementor-widget-container\">\n\t\t\t\t\t<h2 class=\"elementor-heading-title elementor-size-default\">Vi finns h\u00e4r f\u00f6r dig.<\/h2>\t\t\t\t<\/div>\n\t\t\t\t<\/div>\n\t\t\t\t<div class=\"elementor-element elementor-element-71bb188 elementor-widget__width-initial elementor-widget-mobile__width-initial elementor-widget elementor-widget-text-editor\" data-id=\"71bb188\" data-element_type=\"widget\" data-widget_type=\"text-editor.default\">\n\t\t\t\t<div class=\"elementor-widget-container\">\n\t\t\t\t\t\t\t\t\t<p>Vi finns h\u00e4r f\u00f6r att du ska kunna sk\u00f6ta din verksamhet s\u00e5 smidigt som m\u00f6jligt, d\u00e4rf\u00f6r kommer vi allt eftersom samla n\u00e5gra v\u00e4rdefulla l\u00e4nkar till dig p\u00e5 den h\u00e4r sidan.<\/p>\t\t\t\t\t\t\t\t<\/div>\n\t\t\t\t<\/div>\n\t\t\t\t\t<\/div>\n\t\t\t\t<\/div>\n\t\t<div class=\"elementor-element elementor-element-7fdb589 e-flex e-con-boxed elementor-invisible e-con e-parent\" data-id=\"7fdb589\" data-element_type=\"container\" data-settings=\"{&quot;animation&quot;:&quot;fadeInDown&quot;,&quot;background_background&quot;:&quot;classic&quot;,&quot;animation_mobile&quot;:&quot;none&quot;}\">\n\t\t\t\t\t<div class=\"e-con-inner\">\n\t\t<div class=\"elementor-element elementor-element-e8d33da e-flex e-con-boxed e-con e-parent\" data-id=\"e8d33da\" data-element_type=\"container\" data-settings=\"{&quot;animation_mobile&quot;:&quot;none&quot;}\">\n\t\t\t\t\t<div class=\"e-con-inner\">\n\t\t<div class=\"elementor-element elementor-element-9b9e081 e-flex e-con-boxed e-con e-parent\" data-id=\"9b9e081\" data-element_type=\"container\">\n\t\t\t\t\t<div class=\"e-con-inner\">\n\t\t\t\t<div class=\"elementor-element elementor-element-d8a4355 elementor-view-default elementor-widget elementor-widget-icon\" data-id=\"d8a4355\" data-element_type=\"widget\" data-settings=\"{&quot;_animation_mobile&quot;:&quot;none&quot;}\" data-widget_type=\"icon.default\">\n\t\t\t\t<div class=\"elementor-widget-container\">\n\t\t\t\t\t\t\t<div class=\"elementor-icon-wrapper\">\n\t\t\t<div class=\"elementor-icon\">\n\t\t\t<i aria-hidden=\"true\" class=\"far fa-file-alt\"><\/i>\t\t\t<\/div>\n\t\t<\/div>\n\t\t\t\t\t\t<\/div>\n\t\t\t\t<\/div>\n\t\t\t\t<div class=\"elementor-element elementor-element-272d7cc elementor-widget elementor-widget-heading\" data-id=\"272d7cc\" data-element_type=\"widget\" data-widget_type=\"heading.default\">\n\t\t\t\t<div class=\"elementor-widget-container\">\n\t\t\t\t\t<h2 class=\"elementor-heading-title elementor-size-default\">Manualer<\/h2>\t\t\t\t<\/div>\n\t\t\t\t<\/div>\n\t\t\t\t<div class=\"elementor-element elementor-element-eb7fd42 elementor-widget elementor-widget-text-editor\" data-id=\"eb7fd42\" data-element_type=\"widget\" data-widget_type=\"text-editor.default\">\n\t\t\t\t<div class=\"elementor-widget-container\">\n\t\t\t\t\t\t\t\t\t<p>L\u00e4s how-tos f\u00f6r olika funktioner<\/p>\t\t\t\t\t\t\t\t<\/div>\n\t\t\t\t<\/div>\n\t\t<div class=\"elementor-element elementor-element-93db8ab e-flex e-con-boxed e-con e-parent\" data-id=\"93db8ab\" data-element_type=\"container\">\n\t\t\t\t\t<div class=\"e-con-inner\">\n\t\t\t\t<div class=\"elementor-element elementor-element-bf46cd8 elementor-align-center elementor-widget elementor-widget-button\" data-id=\"bf46cd8\" data-element_type=\"widget\" data-widget_type=\"button.default\">\n\t\t\t\t<div class=\"elementor-widget-container\">\n\t\t\t\t\t\t\t\t\t<div class=\"elementor-button-wrapper\">\n\t\t\t\t\t<a class=\"elementor-button elementor-button-link elementor-size-sm\" href=\"https:\/\/outby.se\/newsite\/anvandarmanualer\/\">\n\t\t\t\t\t\t<span class=\"elementor-button-content-wrapper\">\n\t\t\t\t\t\t\t\t\t<span class=\"elementor-button-text\">G\u00e5 till manualerna<\/span>\n\t\t\t\t\t<\/span>\n\t\t\t\t\t<\/a>\n\t\t\t\t<\/div>\n\t\t\t\t\t\t\t\t<\/div>\n\t\t\t\t<\/div>\n\t\t\t\t\t<\/div>\n\t\t\t\t<\/div>\n\t\t\t\t\t<\/div>\n\t\t\t\t<\/div>\n\t\t<div class=\"elementor-element elementor-element-e3ddcd8 e-flex e-con-boxed e-con e-parent\" data-id=\"e3ddcd8\" data-element_type=\"container\" data-settings=\"{&quot;animation_mobile&quot;:&quot;none&quot;}\">\n\t\t\t\t\t<div class=\"e-con-inner\">\n\t\t\t\t<div class=\"elementor-element elementor-element-634ada3 elementor-view-default elementor-widget elementor-widget-icon\" data-id=\"634ada3\" data-element_type=\"widget\" data-widget_type=\"icon.default\">\n\t\t\t\t<div class=\"elementor-widget-container\">\n\t\t\t\t\t\t\t<div class=\"elementor-icon-wrapper\">\n\t\t\t<div class=\"elementor-icon\">\n\t\t\t<i aria-hidden=\"true\" class=\"far fa-address-card\"><\/i>\t\t\t<\/div>\n\t\t<\/div>\n\t\t\t\t\t\t<\/div>\n\t\t\t\t<\/div>\n\t\t\t\t<div class=\"elementor-element elementor-element-90091e2 elementor-widget elementor-widget-heading\" data-id=\"90091e2\" data-element_type=\"widget\" data-widget_type=\"heading.default\">\n\t\t\t\t<div class=\"elementor-widget-container\">\n\t\t\t\t\t<h2 class=\"elementor-heading-title elementor-size-default\">Adminsida<\/h2>\t\t\t\t<\/div>\n\t\t\t\t<\/div>\n\t\t\t\t<div class=\"elementor-element elementor-element-de7af25 elementor-widget elementor-widget-text-editor\" data-id=\"de7af25\" data-element_type=\"widget\" data-widget_type=\"text-editor.default\">\n\t\t\t\t<div class=\"elementor-widget-container\">\n\t\t\t\t\t\t\t\t\t<p>Hantera din anl\u00e4ggning<\/p>\t\t\t\t\t\t\t\t<\/div>\n\t\t\t\t<\/div>\n\t\t<div class=\"elementor-element elementor-element-8330e01 e-flex e-con-boxed e-con e-parent\" data-id=\"8330e01\" data-element_type=\"container\">\n\t\t\t\t\t<div class=\"e-con-inner\">\n\t\t\t\t<div class=\"elementor-element elementor-element-cbc3796 elementor-align-center elementor-widget elementor-widget-button\" data-id=\"cbc3796\" data-element_type=\"widget\" data-widget_type=\"button.default\">\n\t\t\t\t<div class=\"elementor-widget-container\">\n\t\t\t\t\t\t\t\t\t<div class=\"elementor-button-wrapper\">\n\t\t\t\t\t<a class=\"elementor-button elementor-button-link elementor-size-sm\" href=\"https:\/\/adminv2.outby.se\/administration\/login_user_session\/?next=https:\/\/adminv2.outby.se\/\">\n\t\t\t\t\t\t<span class=\"elementor-button-content-wrapper\">\n\t\t\t\t\t\t\t\t\t<span class=\"elementor-button-text\">G\u00e5 till adminsidan<\/span>\n\t\t\t\t\t<\/span>\n\t\t\t\t\t<\/a>\n\t\t\t\t<\/div>\n\t\t\t\t\t\t\t\t<\/div>\n\t\t\t\t<\/div>\n\t\t\t\t\t<\/div>\n\t\t\t\t<\/div>\n\t\t\t\t\t<\/div>\n\t\t\t\t<\/div>\n\t\t\t\t\t<\/div>\n\t\t\t\t<\/div>\n\t\t\t\t\t<\/div>\n\t\t\t\t<\/div>\n\t\t<div class=\"elementor-element elementor-element-0a87187 e-flex e-con-boxed e-con e-parent\" data-id=\"0a87187\" data-element_type=\"container\" data-settings=\"{&quot;animation_mobile&quot;:&quot;none&quot;}\">\n\t\t\t\t\t<div class=\"e-con-inner\">\n\t\t<div class=\"elementor-element elementor-element-e78837e e-con-full e-flex elementor-invisible e-con e-parent\" data-id=\"e78837e\" data-element_type=\"container\" data-settings=\"{&quot;animation&quot;:&quot;fadeInDown&quot;,&quot;animation_mobile&quot;:&quot;none&quot;}\">\n\t\t\t\t<div class=\"elementor-element elementor-element-f1cb263 elementor-widget elementor-widget-heading\" data-id=\"f1cb263\" data-element_type=\"widget\" data-widget_type=\"heading.default\">\n\t\t\t\t<div class=\"elementor-widget-container\">\n\t\t\t\t\t<h2 class=\"elementor-heading-title elementor-size-default\">Vi \u00e4r bara ett samtal bort<\/h2>\t\t\t\t<\/div>\n\t\t\t\t<\/div>\n\t\t\t\t<div class=\"elementor-element elementor-element-ce5549b elementor-widget elementor-widget-text-editor\" data-id=\"ce5549b\" data-element_type=\"widget\" data-widget_type=\"text-editor.default\">\n\t\t\t\t<div class=\"elementor-widget-container\">\n\t\t\t\t\t\t\t\t\t<p>Hur kan vi underl\u00e4tta f\u00f6r dig och din verksamhet? L\u00e5t oss ta reda p\u00e5 det \u00f6ver ett telefonsamtal!<\/p>\t\t\t\t\t\t\t\t<\/div>\n\t\t\t\t<\/div>\n\t\t\t\t<\/div>\n\t\t<div class=\"elementor-element elementor-element-085da86 e-flex e-con-boxed elementor-invisible e-con e-parent\" data-id=\"085da86\" data-element_type=\"container\" data-settings=\"{&quot;animation&quot;:&quot;fadeInDown&quot;,&quot;animation_mobile&quot;:&quot;none&quot;}\">\n\t\t\t\t\t<div class=\"e-con-inner\">\n\t\t\t\t<div class=\"elementor-element elementor-element-5738939 elementor-widget elementor-widget-button\" data-id=\"5738939\" data-element_type=\"widget\" data-widget_type=\"button.default\">\n\t\t\t\t<div class=\"elementor-widget-container\">\n\t\t\t\t\t\t\t\t\t<div class=\"elementor-button-wrapper\">\n\t\t\t\t\t<a class=\"elementor-button elementor-button-link elementor-size-sm\" href=\"https:\/\/favro.com\/form\/b38f1a46ea4fe4686f1bdf3f?secret=eag1l7ISBpoI6gVrg79N0uWRrVijOlTf-7t0WkugSNv\" target=\"_blank\">\n\t\t\t\t\t\t<span class=\"elementor-button-content-wrapper\">\n\t\t\t\t\t\t\t\t\t<span class=\"elementor-button-text\">Boka ett samtal<\/span>\n\t\t\t\t\t<\/span>\n\t\t\t\t\t<\/a>\n\t\t\t\t<\/div>\n\t\t\t\t\t\t\t\t<\/div>\n\t\t\t\t<\/div>\n\t\t\t\t\t<\/div>\n\t\t\t\t<\/div>\n\t\t\t\t\t<\/div>\n\t\t\t\t<\/div>\n\t\t\t\t<\/div>\n\t\t","protected":false},"excerpt":{"rendered":"<p>F\u00f6r anl\u00e4ggningar Vi finns h\u00e4r f\u00f6r dig. Vi finns h\u00e4r f\u00f6r att du ska kunna sk\u00f6ta din verksamhet s\u00e5 smidigt som m\u00f6jligt, d\u00e4rf\u00f6r kommer vi allt eftersom samla n\u00e5gra v\u00e4rdefulla l\u00e4nkar till dig p\u00e5 den h\u00e4r sidan. Manualer L\u00e4s how-tos f\u00f6r olika funktioner G\u00e5 till manualerna Adminsida Hantera din anl\u00e4ggning G\u00e5 till adminsidan Vi \u00e4r [&hellip;]<\/p>\n","protected":false},"author":1,"featured_media":0,"parent":0,"menu_order":0,"comment_status":"closed","ping_status":"closed","template":"","meta":{"_uag_custom_page_level_css":"","footnotes":""},"class_list":["post-14","page","type-page","status-publish","hentry"],"uagb_featured_image_src":{"full":false,"thumbnail":false,"medium":false,"medium_large":false,"large":false,"1536x1536":false,"2048x2048":false},"uagb_author_info":{"display_name":"jmhdh","author_link":"https:\/\/outby.se\/newsite\/author\/jmhdh\/"},"uagb_comment_info":0,"uagb_excerpt":"F\u00f6r anl\u00e4ggningar Vi finns h\u00e4r f\u00f6r dig. Vi finns h\u00e4r f\u00f6r att du ska kunna sk\u00f6ta din verksamhet s\u00e5 smidigt som m\u00f6jligt, d\u00e4rf\u00f6r kommer vi allt eftersom samla n\u00e5gra v\u00e4rdefulla l\u00e4nkar till dig p\u00e5 den h\u00e4r sidan. Manualer L\u00e4s how-tos f\u00f6r olika funktioner G\u00e5 till manualerna Adminsida Hantera din anl\u00e4ggning G\u00e5 till adminsidan Vi \u00e4r&hellip;","_links":{"self":[{"href":"https:\/\/outby.se\/newsite\/wp-json\/wp\/v2\/pages\/14","targetHints":{"allow":["GET"]}}],"collection":[{"href":"https:\/\/outby.se\/newsite\/wp-json\/wp\/v2\/pages"}],"about":[{"href":"https:\/\/outby.se\/newsite\/wp-json\/wp\/v2\/types\/page"}],"author":[{"embeddable":true,"href":"https:\/\/outby.se\/newsite\/wp-json\/wp\/v2\/users\/1"}],"replies":[{"embeddable":true,"href":"https:\/\/outby.se\/newsite\/wp-json\/wp\/v2\/comments?post=14"}],"version-history":[{"count":73,"href":"https:\/\/outby.se\/newsite\/wp-json\/wp\/v2\/pages\/14\/revisions"}],"predecessor-version":[{"id":2953,"href":"https:\/\/outby.se\/newsite\/wp-json\/wp\/v2\/pages\/14\/revisions\/2953"}],"wp:attachment":[{"href":"https:\/\/outby.se\/newsite\/wp-json\/wp\/v2\/media?parent=14"}],"curies":[{"name":"wp","href":"https:\/\/api.w.org\/{rel}","templated":true}]}}