{"id":1756,"date":"2022-09-16T11:46:40","date_gmt":"2022-09-16T09:46:40","guid":{"rendered":"https:\/\/outby.se\/newsite\/?page_id=1756"},"modified":"2023-12-01T08:56:15","modified_gmt":"2023-12-01T07:56:15","slug":"direktkopsskylt","status":"publish","type":"page","link":"https:\/\/outby.se\/newsite\/direktkopsskylt\/","title":{"rendered":"Direktk\u00f6psskylt"},"content":{"rendered":"\t\t<div data-elementor-type=\"wp-page\" data-elementor-id=\"1756\" class=\"elementor elementor-1756\" data-elementor-post-type=\"page\">\n\t\t\t\t<div class=\"elementor-element elementor-element-c850480 e-flex e-con-boxed e-con e-parent\" data-id=\"c850480\" data-element_type=\"container\" data-settings=\"{&quot;background_background&quot;:&quot;classic&quot;}\">\n\t\t\t\t\t<div class=\"e-con-inner\">\n\t\t\t\t<div class=\"elementor-element elementor-element-563c04c elementor-invisible elementor-widget elementor-widget-heading\" data-id=\"563c04c\" data-element_type=\"widget\" data-settings=\"{&quot;_animation&quot;:&quot;fadeInDown&quot;}\" data-widget_type=\"heading.default\">\n\t\t\t\t<div class=\"elementor-widget-container\">\n\t\t\t\t\t<h2 class=\"elementor-heading-title elementor-size-default\">Direktk\u00f6psskylt<\/h2>\t\t\t\t<\/div>\n\t\t\t\t<\/div>\n\t\t\t\t\t<\/div>\n\t\t\t\t<\/div>\n\t\t<div class=\"elementor-element elementor-element-05710ac e-flex e-con-boxed e-con e-parent\" data-id=\"05710ac\" data-element_type=\"container\" data-settings=\"{&quot;background_background&quot;:&quot;classic&quot;}\">\n\t\t\t\t\t<div class=\"e-con-inner\">\n\t\t<div class=\"elementor-element elementor-element-e64d3e3 e-con-full e-flex e-con e-child\" data-id=\"e64d3e3\" data-element_type=\"container\">\n\t\t<div class=\"elementor-element elementor-element-c6653e4 e-con-full e-flex e-con e-child\" data-id=\"c6653e4\" data-element_type=\"container\">\n\t\t\t\t<div class=\"elementor-element elementor-element-4a8f16d elementor-widget elementor-widget-text-editor\" data-id=\"4a8f16d\" data-element_type=\"widget\" data-widget_type=\"text-editor.default\">\n\t\t\t\t<div class=\"elementor-widget-container\">\n\t\t\t\t\t\t\t\t\t<p>L\u00e5t era g\u00e4ster k\u00f6pa era vanligaste produkter\/tj\u00e4nster p\u00e5 plats med telefonen. Genom skanning och n\u00e5gra f\u00e5 knapptryck \u00e4r de redo att k\u00f6ra ig\u00e5ng. Passar perfekt f\u00f6r den spontana bes\u00f6karen! Kopplas ihop med <a href=\"https:\/\/outby.se\/newsite\/direktshop\/\">direktshoppen<\/a>.<\/p>\t\t\t\t\t\t\t\t<\/div>\n\t\t\t\t<\/div>\n\t\t\t\t<div class=\"elementor-element elementor-element-5cb58fa elementor-widget elementor-widget-text-editor\" data-id=\"5cb58fa\" data-element_type=\"widget\" data-widget_type=\"text-editor.default\">\n\t\t\t\t<div class=\"elementor-widget-container\">\n\t\t\t\t\t\t\t\t\t<p>Skyltarna har en bepr\u00f6vad layout med tydliga instruktioner f\u00f6r att g\u00e4sten enkelt ska kunna k\u00f6pa via telefonen. Ni kan ocks\u00e5 v\u00e4lja att f\u00e5 en mer anpassad skyltdesign med er logotyp och f\u00e4rger, eller st\u00f6rre storlekar. Se prisinformation f\u00f6r skyltar <a href=\"https:\/\/drive.google.com\/file\/d\/10mXQn0UwdrExcjCm0ekd3MbIA4viwN-O\/view?usp=share_link\">h\u00e4r<\/a>.<\/p>\t\t\t\t\t\t\t\t<\/div>\n\t\t\t\t<\/div>\n\t\t\t\t<\/div>\n\t\t\t\t<\/div>\n\t\t\t\t<div class=\"elementor-element elementor-element-41078ac elementor-widget elementor-widget-image\" data-id=\"41078ac\" data-element_type=\"widget\" data-widget_type=\"image.default\">\n\t\t\t\t<div class=\"elementor-widget-container\">\n\t\t\t\t\t\t\t\t\t\t\t\t\t\t\t<img fetchpriority=\"high\" decoding=\"async\" width=\"768\" height=\"543\" src=\"https:\/\/outby.se\/newsite\/wp-content\/uploads\/2023\/01\/Destination_Outby.png\" class=\"attachment-medium_large size-medium_large wp-image-2729\" alt=\"\" \/>\t\t\t\t\t\t\t\t\t\t\t\t\t\t\t<\/div>\n\t\t\t\t<\/div>\n\t\t\t\t<div class=\"elementor-element elementor-element-ab53a44 elementor-widget elementor-widget-heading\" data-id=\"ab53a44\" data-element_type=\"widget\" data-widget_type=\"heading.default\">\n\t\t\t\t<div class=\"elementor-widget-container\">\n\t\t\t\t\t<h2 class=\"elementor-heading-title elementor-size-default\">Exempel p\u00e5 direktk\u00f6psskylt<\/h2>\t\t\t\t<\/div>\n\t\t\t\t<\/div>\n\t\t\t\t<div class=\"elementor-element elementor-element-e61bdff elementor-widget__width-initial elementor-widget elementor-widget-image\" data-id=\"e61bdff\" data-element_type=\"widget\" data-widget_type=\"image.default\">\n\t\t\t\t<div class=\"elementor-widget-container\">\n\t\t\t\t\t\t\t\t\t\t\t\t\t\t\t<img decoding=\"async\" src=\"https:\/\/outby.se\/newsite\/wp-content\/uploads\/2022\/09\/Skanna_skylt-kopiera.jpg\" title=\"\" alt=\"\" loading=\"lazy\" \/>\t\t\t\t\t\t\t\t\t\t\t\t\t\t\t<\/div>\n\t\t\t\t<\/div>\n\t\t\t\t\t<\/div>\n\t\t\t\t<\/div>\n\t\t<div class=\"elementor-element elementor-element-298037b e-flex e-con-boxed e-con e-parent\" data-id=\"298037b\" data-element_type=\"container\" data-settings=\"{&quot;animation_mobile&quot;:&quot;none&quot;}\">\n\t\t\t\t\t<div class=\"e-con-inner\">\n\t\t<div class=\"elementor-element elementor-element-99749bc e-con-full e-flex e-con e-child\" data-id=\"99749bc\" data-element_type=\"container\" data-settings=\"{&quot;animation_mobile&quot;:&quot;none&quot;}\">\n\t\t\t\t<div class=\"elementor-element elementor-element-793a999 elementor-widget elementor-widget-heading\" data-id=\"793a999\" data-element_type=\"widget\" data-widget_type=\"heading.default\">\n\t\t\t\t<div class=\"elementor-widget-container\">\n\t\t\t\t\t<h2 class=\"elementor-heading-title elementor-size-default\">Vi \u00e4r bara ett samtal bort<\/h2>\t\t\t\t<\/div>\n\t\t\t\t<\/div>\n\t\t\t\t<div class=\"elementor-element elementor-element-726ca92 elementor-widget elementor-widget-text-editor\" data-id=\"726ca92\" data-element_type=\"widget\" data-widget_type=\"text-editor.default\">\n\t\t\t\t<div class=\"elementor-widget-container\">\n\t\t\t\t\t\t\t\t\t<p>Hur kan vi underl\u00e4tta f\u00f6r dig och din anl\u00e4ggning? L\u00e5t oss ta reda p\u00e5 det \u00f6ver ett telefonsamtal!<\/p>\t\t\t\t\t\t\t\t<\/div>\n\t\t\t\t<\/div>\n\t\t\t\t<\/div>\n\t\t<div class=\"elementor-element elementor-element-6ca956c e-flex e-con-boxed e-con e-child\" data-id=\"6ca956c\" data-element_type=\"container\" data-settings=\"{&quot;animation_mobile&quot;:&quot;none&quot;}\">\n\t\t\t\t\t<div class=\"e-con-inner\">\n\t\t\t\t<div class=\"elementor-element elementor-element-36fa465 elementor-widget elementor-widget-button\" data-id=\"36fa465\" data-element_type=\"widget\" data-widget_type=\"button.default\">\n\t\t\t\t<div class=\"elementor-widget-container\">\n\t\t\t\t\t\t\t\t\t<div class=\"elementor-button-wrapper\">\n\t\t\t\t\t<a class=\"elementor-button elementor-button-link elementor-size-sm\" href=\"https:\/\/favro.com\/form\/b38f1a46ea4fe4686f1bdf3f?secret=eag1l7ISBpoI6gVrg79N0uWRrVijOlTf-7t0WkugSNv\" target=\"_blank\">\n\t\t\t\t\t\t<span class=\"elementor-button-content-wrapper\">\n\t\t\t\t\t\t\t\t\t<span class=\"elementor-button-text\">Boka ett samtal<\/span>\n\t\t\t\t\t<\/span>\n\t\t\t\t\t<\/a>\n\t\t\t\t<\/div>\n\t\t\t\t\t\t\t\t<\/div>\n\t\t\t\t<\/div>\n\t\t\t\t\t<\/div>\n\t\t\t\t<\/div>\n\t\t\t\t\t<\/div>\n\t\t\t\t<\/div>\n\t\t\t\t<\/div>\n\t\t","protected":false},"excerpt":{"rendered":"<p>Direktk\u00f6psskylt L\u00e5t era g\u00e4ster k\u00f6pa era vanligaste produkter\/tj\u00e4nster p\u00e5 plats med telefonen. Genom skanning och n\u00e5gra f\u00e5 knapptryck \u00e4r de redo att k\u00f6ra ig\u00e5ng. Passar perfekt f\u00f6r den spontana bes\u00f6karen! Kopplas ihop med direktshoppen. Skyltarna har en bepr\u00f6vad layout med tydliga instruktioner f\u00f6r att g\u00e4sten enkelt ska kunna k\u00f6pa via telefonen. Ni kan ocks\u00e5 v\u00e4lja [&hellip;]<\/p>\n","protected":false},"author":2,"featured_media":0,"parent":0,"menu_order":0,"comment_status":"closed","ping_status":"closed","template":"","meta":{"_uag_custom_page_level_css":"","footnotes":""},"class_list":["post-1756","page","type-page","status-publish","hentry"],"uagb_featured_image_src":{"full":false,"thumbnail":false,"medium":false,"medium_large":false,"large":false,"1536x1536":false,"2048x2048":false},"uagb_author_info":{"display_name":"Constanza Lacorazza","author_link":"https:\/\/outby.se\/newsite\/author\/constanza\/"},"uagb_comment_info":0,"uagb_excerpt":"Direktk\u00f6psskylt L\u00e5t era g\u00e4ster k\u00f6pa era vanligaste produkter\/tj\u00e4nster p\u00e5 plats med telefonen. Genom skanning och n\u00e5gra f\u00e5 knapptryck \u00e4r de redo att k\u00f6ra ig\u00e5ng. Passar perfekt f\u00f6r den spontana bes\u00f6karen! Kopplas ihop med direktshoppen. Skyltarna har en bepr\u00f6vad layout med tydliga instruktioner f\u00f6r att g\u00e4sten enkelt ska kunna k\u00f6pa via telefonen. Ni kan ocks\u00e5 v\u00e4lja&hellip;","_links":{"self":[{"href":"https:\/\/outby.se\/newsite\/wp-json\/wp\/v2\/pages\/1756","targetHints":{"allow":["GET"]}}],"collection":[{"href":"https:\/\/outby.se\/newsite\/wp-json\/wp\/v2\/pages"}],"about":[{"href":"https:\/\/outby.se\/newsite\/wp-json\/wp\/v2\/types\/page"}],"author":[{"embeddable":true,"href":"https:\/\/outby.se\/newsite\/wp-json\/wp\/v2\/users\/2"}],"replies":[{"embeddable":true,"href":"https:\/\/outby.se\/newsite\/wp-json\/wp\/v2\/comments?post=1756"}],"version-history":[{"count":54,"href":"https:\/\/outby.se\/newsite\/wp-json\/wp\/v2\/pages\/1756\/revisions"}],"predecessor-version":[{"id":3145,"href":"https:\/\/outby.se\/newsite\/wp-json\/wp\/v2\/pages\/1756\/revisions\/3145"}],"wp:attachment":[{"href":"https:\/\/outby.se\/newsite\/wp-json\/wp\/v2\/media?parent=1756"}],"curies":[{"name":"wp","href":"https:\/\/api.w.org\/{rel}","templated":true}]}}