{"id":1812,"date":"2022-09-21T15:16:57","date_gmt":"2022-09-21T13:16:57","guid":{"rendered":"https:\/\/outby.se\/newsite\/?page_id=1812"},"modified":"2023-07-04T16:09:13","modified_gmt":"2023-07-04T14:09:13","slug":"uthyrning","status":"publish","type":"page","link":"https:\/\/outby.se\/newsite\/uthyrning\/","title":{"rendered":"Uthyrning"},"content":{"rendered":"\t\t<div data-elementor-type=\"wp-page\" data-elementor-id=\"1812\" class=\"elementor elementor-1812\" data-elementor-post-type=\"page\">\n\t\t\t\t<div class=\"elementor-element elementor-element-dd4357f e-flex e-con-boxed e-con e-parent\" data-id=\"dd4357f\" data-element_type=\"container\" data-settings=\"{&quot;background_background&quot;:&quot;classic&quot;}\">\n\t\t\t\t\t<div class=\"e-con-inner\">\n\t\t\t\t<div class=\"elementor-element elementor-element-bf8a386 elementor-invisible elementor-widget elementor-widget-heading\" data-id=\"bf8a386\" data-element_type=\"widget\" data-settings=\"{&quot;_animation&quot;:&quot;fadeInDown&quot;}\" data-widget_type=\"heading.default\">\n\t\t\t\t<div class=\"elementor-widget-container\">\n\t\t\t\t\t<h2 class=\"elementor-heading-title elementor-size-default\">Uthyrning<\/h2>\t\t\t\t<\/div>\n\t\t\t\t<\/div>\n\t\t\t\t\t<\/div>\n\t\t\t\t<\/div>\n\t\t<div class=\"elementor-element elementor-element-a3339ef e-flex e-con-boxed e-con e-parent\" data-id=\"a3339ef\" data-element_type=\"container\" data-settings=\"{&quot;background_background&quot;:&quot;classic&quot;}\">\n\t\t\t\t\t<div class=\"e-con-inner\">\n\t\t<div class=\"elementor-element elementor-element-9f6e1bb e-con-full e-flex e-con e-parent\" data-id=\"9f6e1bb\" data-element_type=\"container\">\n\t\t<div class=\"elementor-element elementor-element-5421aed e-con-full e-flex e-con e-parent\" data-id=\"5421aed\" data-element_type=\"container\">\n\t\t\t\t<div class=\"elementor-element elementor-element-54a31f3 elementor-widget elementor-widget-text-editor\" data-id=\"54a31f3\" data-element_type=\"widget\" data-widget_type=\"text-editor.default\">\n\t\t\t\t<div class=\"elementor-widget-container\">\n\t\t\t\t\t\t\t\t\t<p>Sk\u00f6t smidigt uthyrning av skidutrustning, skoter och andra produkter via webbshoppen och appen.<\/p>\t\t\t\t\t\t\t\t<\/div>\n\t\t\t\t<\/div>\n\t\t\t\t<div class=\"elementor-element elementor-element-7ce5c6f elementor-widget elementor-widget-text-editor\" data-id=\"7ce5c6f\" data-element_type=\"widget\" data-widget_type=\"text-editor.default\">\n\t\t\t\t<div class=\"elementor-widget-container\">\n\t\t\t\t\t\t\t\t\t<p><span style=\"font-weight: 400;\">Underl\u00e4tta all uthyrning av skidutrustning, skoter och andra saker via webbshoppen och appen. Genom att hantera lagret p\u00e5 produktniv\u00e5 f\u00e5r ni full koll p\u00e5 bland annat n\u00e4r skidorna beh\u00f6ver underh\u00e5ll och n\u00e4r utrustningen \u00e4r intj\u00e4nad.<\/span><\/p>\t\t\t\t\t\t\t\t<\/div>\n\t\t\t\t<\/div>\n\t\t\t\t<div class=\"elementor-element elementor-element-831ff35 elementor-widget elementor-widget-image\" data-id=\"831ff35\" data-element_type=\"widget\" data-widget_type=\"image.default\">\n\t\t\t\t<div class=\"elementor-widget-container\">\n\t\t\t\t\t\t\t\t\t\t\t\t\t\t\t<img fetchpriority=\"high\" decoding=\"async\" width=\"800\" height=\"402\" src=\"https:\/\/outby.se\/newsite\/wp-content\/uploads\/2022\/11\/Skarmavbild-2022-11-21-kl.-11.59.11-1024x515.png\" class=\"attachment-large size-large wp-image-2111\" alt=\"\" srcset=\"https:\/\/outby.se\/newsite\/wp-content\/uploads\/2022\/11\/Skarmavbild-2022-11-21-kl.-11.59.11-1024x515.png 1024w, https:\/\/outby.se\/newsite\/wp-content\/uploads\/2022\/11\/Skarmavbild-2022-11-21-kl.-11.59.11-300x151.png 300w, https:\/\/outby.se\/newsite\/wp-content\/uploads\/2022\/11\/Skarmavbild-2022-11-21-kl.-11.59.11-768x386.png 768w, https:\/\/outby.se\/newsite\/wp-content\/uploads\/2022\/11\/Skarmavbild-2022-11-21-kl.-11.59.11-1536x772.png 1536w, https:\/\/outby.se\/newsite\/wp-content\/uploads\/2022\/11\/Skarmavbild-2022-11-21-kl.-11.59.11-2048x1030.png 2048w\" sizes=\"(max-width: 800px) 100vw, 800px\" \/>\t\t\t\t\t\t\t\t\t\t\t\t\t\t\t<\/div>\n\t\t\t\t<\/div>\n\t\t\t\t<\/div>\n\t\t\t\t<\/div>\n\t\t\t\t\t<\/div>\n\t\t\t\t<\/div>\n\t\t<div class=\"elementor-element elementor-element-86ba5bd e-flex e-con-boxed e-con e-parent\" data-id=\"86ba5bd\" data-element_type=\"container\" data-settings=\"{&quot;animation_mobile&quot;:&quot;none&quot;,&quot;animation&quot;:&quot;none&quot;}\">\n\t\t\t\t\t<div class=\"e-con-inner\">\n\t\t<div class=\"elementor-element elementor-element-6f6091d e-con-full e-flex e-con e-parent\" data-id=\"6f6091d\" data-element_type=\"container\" data-settings=\"{&quot;animation_mobile&quot;:&quot;none&quot;}\">\n\t\t\t\t<div class=\"elementor-element elementor-element-e6b4981 elementor-widget elementor-widget-heading\" data-id=\"e6b4981\" data-element_type=\"widget\" data-widget_type=\"heading.default\">\n\t\t\t\t<div class=\"elementor-widget-container\">\n\t\t\t\t\t<h2 class=\"elementor-heading-title elementor-size-default\">Vi \u00e4r bara ett samtal bort<\/h2>\t\t\t\t<\/div>\n\t\t\t\t<\/div>\n\t\t\t\t<div class=\"elementor-element elementor-element-af9e1e4 elementor-widget elementor-widget-text-editor\" data-id=\"af9e1e4\" data-element_type=\"widget\" data-widget_type=\"text-editor.default\">\n\t\t\t\t<div class=\"elementor-widget-container\">\n\t\t\t\t\t\t\t\t\t<p>Hur kan vi underl\u00e4tta f\u00f6r dig och din anl\u00e4ggning? L\u00e5t oss ta reda p\u00e5 det \u00f6ver ett telefonsamtal!<\/p>\t\t\t\t\t\t\t\t<\/div>\n\t\t\t\t<\/div>\n\t\t\t\t<\/div>\n\t\t<div class=\"elementor-element elementor-element-98a1efa e-flex e-con-boxed e-con e-parent\" data-id=\"98a1efa\" data-element_type=\"container\" data-settings=\"{&quot;animation_mobile&quot;:&quot;none&quot;}\">\n\t\t\t\t\t<div class=\"e-con-inner\">\n\t\t\t\t<div class=\"elementor-element elementor-element-23129c2 elementor-widget elementor-widget-button\" data-id=\"23129c2\" data-element_type=\"widget\" data-widget_type=\"button.default\">\n\t\t\t\t<div class=\"elementor-widget-container\">\n\t\t\t\t\t\t\t\t\t<div class=\"elementor-button-wrapper\">\n\t\t\t\t\t<a class=\"elementor-button elementor-button-link elementor-size-sm\" href=\"https:\/\/favro.com\/form\/b38f1a46ea4fe4686f1bdf3f?secret=eag1l7ISBpoI6gVrg79N0uWRrVijOlTf-7t0WkugSNv\" target=\"_blank\">\n\t\t\t\t\t\t<span class=\"elementor-button-content-wrapper\">\n\t\t\t\t\t\t\t\t\t<span class=\"elementor-button-text\">Boka ett samtal<\/span>\n\t\t\t\t\t<\/span>\n\t\t\t\t\t<\/a>\n\t\t\t\t<\/div>\n\t\t\t\t\t\t\t\t<\/div>\n\t\t\t\t<\/div>\n\t\t\t\t\t<\/div>\n\t\t\t\t<\/div>\n\t\t\t\t\t<\/div>\n\t\t\t\t<\/div>\n\t\t\t\t<\/div>\n\t\t","protected":false},"excerpt":{"rendered":"<p>Uthyrning Sk\u00f6t smidigt uthyrning av skidutrustning, skoter och andra produkter via webbshoppen och appen. Underl\u00e4tta all uthyrning av skidutrustning, skoter och andra saker via webbshoppen och appen. Genom att hantera lagret p\u00e5 produktniv\u00e5 f\u00e5r ni full koll p\u00e5 bland annat n\u00e4r skidorna beh\u00f6ver underh\u00e5ll och n\u00e4r utrustningen \u00e4r intj\u00e4nad. Vi \u00e4r bara ett samtal bort [&hellip;]<\/p>\n","protected":false},"author":2,"featured_media":0,"parent":0,"menu_order":0,"comment_status":"closed","ping_status":"closed","template":"","meta":{"_uag_custom_page_level_css":"","footnotes":""},"class_list":["post-1812","page","type-page","status-publish","hentry"],"uagb_featured_image_src":{"full":false,"thumbnail":false,"medium":false,"medium_large":false,"large":false,"1536x1536":false,"2048x2048":false},"uagb_author_info":{"display_name":"Constanza Lacorazza","author_link":"https:\/\/outby.se\/newsite\/author\/constanza\/"},"uagb_comment_info":0,"uagb_excerpt":"Uthyrning Sk\u00f6t smidigt uthyrning av skidutrustning, skoter och andra produkter via webbshoppen och appen. Underl\u00e4tta all uthyrning av skidutrustning, skoter och andra saker via webbshoppen och appen. Genom att hantera lagret p\u00e5 produktniv\u00e5 f\u00e5r ni full koll p\u00e5 bland annat n\u00e4r skidorna beh\u00f6ver underh\u00e5ll och n\u00e4r utrustningen \u00e4r intj\u00e4nad. Vi \u00e4r bara ett samtal bort&hellip;","_links":{"self":[{"href":"https:\/\/outby.se\/newsite\/wp-json\/wp\/v2\/pages\/1812","targetHints":{"allow":["GET"]}}],"collection":[{"href":"https:\/\/outby.se\/newsite\/wp-json\/wp\/v2\/pages"}],"about":[{"href":"https:\/\/outby.se\/newsite\/wp-json\/wp\/v2\/types\/page"}],"author":[{"embeddable":true,"href":"https:\/\/outby.se\/newsite\/wp-json\/wp\/v2\/users\/2"}],"replies":[{"embeddable":true,"href":"https:\/\/outby.se\/newsite\/wp-json\/wp\/v2\/comments?post=1812"}],"version-history":[{"count":25,"href":"https:\/\/outby.se\/newsite\/wp-json\/wp\/v2\/pages\/1812\/revisions"}],"predecessor-version":[{"id":2992,"href":"https:\/\/outby.se\/newsite\/wp-json\/wp\/v2\/pages\/1812\/revisions\/2992"}],"wp:attachment":[{"href":"https:\/\/outby.se\/newsite\/wp-json\/wp\/v2\/media?parent=1812"}],"curies":[{"name":"wp","href":"https:\/\/api.w.org\/{rel}","templated":true}]}}