{"id":1814,"date":"2022-09-21T15:17:12","date_gmt":"2022-09-21T13:17:12","guid":{"rendered":"https:\/\/outby.se\/newsite\/?page_id=1814"},"modified":"2023-10-17T15:51:58","modified_gmt":"2023-10-17T13:51:58","slug":"boenden-stallplatser","status":"publish","type":"page","link":"https:\/\/outby.se\/newsite\/boenden-stallplatser\/","title":{"rendered":"Boenden"},"content":{"rendered":"\t\t<div data-elementor-type=\"wp-page\" data-elementor-id=\"1814\" class=\"elementor elementor-1814\" data-elementor-post-type=\"page\">\n\t\t\t\t<div class=\"elementor-element elementor-element-49976f2 e-flex e-con-boxed e-con e-parent\" data-id=\"49976f2\" data-element_type=\"container\" data-settings=\"{&quot;background_background&quot;:&quot;classic&quot;}\">\n\t\t\t\t\t<div class=\"e-con-inner\">\n\t\t\t\t<div class=\"elementor-element elementor-element-5b8574a elementor-invisible elementor-widget elementor-widget-heading\" data-id=\"5b8574a\" data-element_type=\"widget\" data-settings=\"{&quot;_animation&quot;:&quot;fadeInDown&quot;}\" data-widget_type=\"heading.default\">\n\t\t\t\t<div class=\"elementor-widget-container\">\n\t\t\t\t\t<h2 class=\"elementor-heading-title elementor-size-default\">Boenden och st\u00e4llplatser<\/h2>\t\t\t\t<\/div>\n\t\t\t\t<\/div>\n\t\t\t\t\t<\/div>\n\t\t\t\t<\/div>\n\t\t<div class=\"elementor-element elementor-element-3f715d0 e-flex e-con-boxed e-con e-parent\" data-id=\"3f715d0\" data-element_type=\"container\" data-settings=\"{&quot;background_background&quot;:&quot;classic&quot;}\">\n\t\t\t\t\t<div class=\"e-con-inner\">\n\t\t<div class=\"elementor-element elementor-element-516c240 e-con-full e-flex e-con e-child\" data-id=\"516c240\" data-element_type=\"container\">\n\t\t<div class=\"elementor-element elementor-element-dabc556 e-con-full e-flex e-con e-child\" data-id=\"dabc556\" data-element_type=\"container\">\n\t\t\t\t<div class=\"elementor-element elementor-element-11d59b8 elementor-widget elementor-widget-image\" data-id=\"11d59b8\" data-element_type=\"widget\" data-widget_type=\"image.default\">\n\t\t\t\t<div class=\"elementor-widget-container\">\n\t\t\t\t\t\t\t\t\t\t\t\t\t\t\t<img fetchpriority=\"high\" decoding=\"async\" width=\"800\" height=\"555\" src=\"https:\/\/outby.se\/newsite\/wp-content\/uploads\/2023\/10\/boende_ra\u0308vkullen.png\" class=\"attachment-large size-large wp-image-3082\" alt=\"\" \/>\t\t\t\t\t\t\t\t\t\t\t\t\t\t\t<\/div>\n\t\t\t\t<\/div>\n\t\t\t\t<div class=\"elementor-element elementor-element-4136a79 elementor-widget elementor-widget-text-editor\" data-id=\"4136a79\" data-element_type=\"widget\" data-widget_type=\"text-editor.default\">\n\t\t\t\t<div class=\"elementor-widget-container\">\n\t\t\t\t\t\t\t\t\t<p>Hyr enkelt ut era stugor, vandrarhem eller st\u00e4llplatser. Sk\u00f6t allt fr\u00e5n uthyrningsperioder och dynamisk priss\u00e4ttning, till bokf\u00f6ring och statistik.<\/p>\t\t\t\t\t\t\t\t<\/div>\n\t\t\t\t<\/div>\n\t\t\t\t<div class=\"elementor-element elementor-element-bc5bbde elementor-widget elementor-widget-text-editor\" data-id=\"bc5bbde\" data-element_type=\"widget\" data-widget_type=\"text-editor.default\">\n\t\t\t\t<div class=\"elementor-widget-container\">\n\t\t\t\t\t\t\t\t\t<p>Publicera era boenden och st\u00e4llplatser i era webbshoppar tillsammans med andra produkter. Ni kan v\u00e4lja att merf\u00f6rs\u00e4lja produkter n\u00e4r g\u00e4sten befinner sig i kassan, s\u00e5 som frukost eller s\u00e4nglinnen.<\/p>\t\t\t\t\t\t\t\t<\/div>\n\t\t\t\t<\/div>\n\t\t\t\t<div class=\"elementor-element elementor-element-0157e18 elementor-widget elementor-widget-image\" data-id=\"0157e18\" data-element_type=\"widget\" data-widget_type=\"image.default\">\n\t\t\t\t<div class=\"elementor-widget-container\">\n\t\t\t\t\t\t\t\t\t\t\t\t\t\t\t<img decoding=\"async\" width=\"800\" height=\"393\" src=\"https:\/\/outby.se\/newsite\/wp-content\/uploads\/2023\/10\/Ska\u0308rmavbild-2023-10-17-kl.-13.57.49.png\" class=\"attachment-large size-large wp-image-3049\" alt=\"\" \/>\t\t\t\t\t\t\t\t\t\t\t\t\t\t\t<\/div>\n\t\t\t\t<\/div>\n\t\t\t\t<div class=\"elementor-element elementor-element-27269a1 elementor-widget__width-initial elementor-widget elementor-widget-text-editor\" data-id=\"27269a1\" data-element_type=\"widget\" data-widget_type=\"text-editor.default\">\n\t\t\t\t<div class=\"elementor-widget-container\">\n\t\t\t\t\t\t\t\t\t<p>Priss\u00e4ttning<\/p>\t\t\t\t\t\t\t\t<\/div>\n\t\t\t\t<\/div>\n\t\t\t\t<div class=\"elementor-element elementor-element-dfd478f elementor-widget elementor-widget-text-editor\" data-id=\"dfd478f\" data-element_type=\"widget\" data-widget_type=\"text-editor.default\">\n\t\t\t\t<div class=\"elementor-widget-container\">\n\t\t\t\t\t\t\t\t\t<p>Ni kan variera priset p\u00e5 era boenden och utrymmen under \u00e5ret med hj\u00e4lp av prisgrupper. D\u00e5 kan ni allts\u00e5 planera s\u00e5dant i b\u00f6rjan p\u00e5 s\u00e4songen och ha det schemalagt s\u00e5 det \u00e4ndras n\u00e4r det ska utan att ni beh\u00f6ver komma ih\u00e5g det. H\u00e4r kan ni \u00e4ven skapa och styra kampanjer samt erbjudanden.\u00a0<\/p><p>Priserna g\u00e5r att variera vecka f\u00f6r vecka, eller datum f\u00f6r datum \u2013 det \u00e4r helt upp till er. Ni kan \u00e4ven ha en dynamisk priss\u00e4ttning utifr\u00e5n bel\u00e4ggningsstatistik s\u00e5 ni alltid har ett pris som passar tidsperioden.<\/p>\t\t\t\t\t\t\t\t<\/div>\n\t\t\t\t<\/div>\n\t\t\t\t<div class=\"elementor-element elementor-element-c1ccf81 elementor-widget elementor-widget-image\" data-id=\"c1ccf81\" data-element_type=\"widget\" data-widget_type=\"image.default\">\n\t\t\t\t<div class=\"elementor-widget-container\">\n\t\t\t\t\t\t\t\t\t\t\t\t\t\t\t<img decoding=\"async\" width=\"800\" height=\"498\" src=\"https:\/\/outby.se\/newsite\/wp-content\/uploads\/2023\/10\/Ska\u0308rmavbild-2023-10-17-kl.-15.51.40.png\" class=\"attachment-large size-large wp-image-3086\" alt=\"\" \/>\t\t\t\t\t\t\t\t\t\t\t\t\t\t\t<\/div>\n\t\t\t\t<\/div>\n\t\t\t\t<\/div>\n\t\t\t\t<\/div>\n\t\t\t\t\t<\/div>\n\t\t\t\t<\/div>\n\t\t<div class=\"elementor-element elementor-element-f09ea0c e-flex e-con-boxed e-con e-parent\" data-id=\"f09ea0c\" data-element_type=\"container\" data-settings=\"{&quot;animation_mobile&quot;:&quot;none&quot;}\">\n\t\t\t\t\t<div class=\"e-con-inner\">\n\t\t<div class=\"elementor-element elementor-element-8a5d7f2 e-con-full e-flex e-con e-child\" data-id=\"8a5d7f2\" data-element_type=\"container\" data-settings=\"{&quot;animation_mobile&quot;:&quot;none&quot;}\">\n\t\t\t\t<div class=\"elementor-element elementor-element-02ad62f elementor-widget elementor-widget-heading\" data-id=\"02ad62f\" data-element_type=\"widget\" data-widget_type=\"heading.default\">\n\t\t\t\t<div class=\"elementor-widget-container\">\n\t\t\t\t\t<h2 class=\"elementor-heading-title elementor-size-default\">Vi \u00e4r bara ett samtal bort<\/h2>\t\t\t\t<\/div>\n\t\t\t\t<\/div>\n\t\t\t\t<div class=\"elementor-element elementor-element-8a919c0 elementor-widget elementor-widget-text-editor\" data-id=\"8a919c0\" data-element_type=\"widget\" data-widget_type=\"text-editor.default\">\n\t\t\t\t<div class=\"elementor-widget-container\">\n\t\t\t\t\t\t\t\t\t<p>Hur kan vi underl\u00e4tta f\u00f6r dig och din anl\u00e4ggning? L\u00e5t oss ta reda p\u00e5 det \u00f6ver ett telefonsamtal!<\/p>\t\t\t\t\t\t\t\t<\/div>\n\t\t\t\t<\/div>\n\t\t\t\t<\/div>\n\t\t<div class=\"elementor-element elementor-element-cdc0fe8 e-flex e-con-boxed e-con e-child\" data-id=\"cdc0fe8\" data-element_type=\"container\" data-settings=\"{&quot;animation_mobile&quot;:&quot;none&quot;}\">\n\t\t\t\t\t<div class=\"e-con-inner\">\n\t\t\t\t<div class=\"elementor-element elementor-element-4d64da1 elementor-widget elementor-widget-button\" data-id=\"4d64da1\" data-element_type=\"widget\" data-widget_type=\"button.default\">\n\t\t\t\t<div class=\"elementor-widget-container\">\n\t\t\t\t\t\t\t\t\t<div class=\"elementor-button-wrapper\">\n\t\t\t\t\t<a class=\"elementor-button elementor-button-link elementor-size-sm\" href=\"https:\/\/favro.com\/form\/b38f1a46ea4fe4686f1bdf3f?secret=eag1l7ISBpoI6gVrg79N0uWRrVijOlTf-7t0WkugSNv\" target=\"_blank\">\n\t\t\t\t\t\t<span class=\"elementor-button-content-wrapper\">\n\t\t\t\t\t\t\t\t\t<span class=\"elementor-button-text\">Boka ett samtal<\/span>\n\t\t\t\t\t<\/span>\n\t\t\t\t\t<\/a>\n\t\t\t\t<\/div>\n\t\t\t\t\t\t\t\t<\/div>\n\t\t\t\t<\/div>\n\t\t\t\t\t<\/div>\n\t\t\t\t<\/div>\n\t\t\t\t\t<\/div>\n\t\t\t\t<\/div>\n\t\t\t\t<\/div>\n\t\t","protected":false},"excerpt":{"rendered":"<p>Boenden och st\u00e4llplatser Hyr enkelt ut era stugor, vandrarhem eller st\u00e4llplatser. Sk\u00f6t allt fr\u00e5n uthyrningsperioder och dynamisk priss\u00e4ttning, till bokf\u00f6ring och statistik. Publicera era boenden och st\u00e4llplatser i era webbshoppar tillsammans med andra produkter. Ni kan v\u00e4lja att merf\u00f6rs\u00e4lja produkter n\u00e4r g\u00e4sten befinner sig i kassan, s\u00e5 som frukost eller s\u00e4nglinnen. Priss\u00e4ttning Ni kan variera [&hellip;]<\/p>\n","protected":false},"author":2,"featured_media":0,"parent":0,"menu_order":0,"comment_status":"closed","ping_status":"closed","template":"","meta":{"_uag_custom_page_level_css":"","footnotes":""},"class_list":["post-1814","page","type-page","status-publish","hentry"],"uagb_featured_image_src":{"full":false,"thumbnail":false,"medium":false,"medium_large":false,"large":false,"1536x1536":false,"2048x2048":false},"uagb_author_info":{"display_name":"Constanza Lacorazza","author_link":"https:\/\/outby.se\/newsite\/author\/constanza\/"},"uagb_comment_info":0,"uagb_excerpt":"Boenden och st\u00e4llplatser Hyr enkelt ut era stugor, vandrarhem eller st\u00e4llplatser. Sk\u00f6t allt fr\u00e5n uthyrningsperioder och dynamisk priss\u00e4ttning, till bokf\u00f6ring och statistik. Publicera era boenden och st\u00e4llplatser i era webbshoppar tillsammans med andra produkter. Ni kan v\u00e4lja att merf\u00f6rs\u00e4lja produkter n\u00e4r g\u00e4sten befinner sig i kassan, s\u00e5 som frukost eller s\u00e4nglinnen. Priss\u00e4ttning Ni kan variera&hellip;","_links":{"self":[{"href":"https:\/\/outby.se\/newsite\/wp-json\/wp\/v2\/pages\/1814","targetHints":{"allow":["GET"]}}],"collection":[{"href":"https:\/\/outby.se\/newsite\/wp-json\/wp\/v2\/pages"}],"about":[{"href":"https:\/\/outby.se\/newsite\/wp-json\/wp\/v2\/types\/page"}],"author":[{"embeddable":true,"href":"https:\/\/outby.se\/newsite\/wp-json\/wp\/v2\/users\/2"}],"replies":[{"embeddable":true,"href":"https:\/\/outby.se\/newsite\/wp-json\/wp\/v2\/comments?post=1814"}],"version-history":[{"count":30,"href":"https:\/\/outby.se\/newsite\/wp-json\/wp\/v2\/pages\/1814\/revisions"}],"predecessor-version":[{"id":3089,"href":"https:\/\/outby.se\/newsite\/wp-json\/wp\/v2\/pages\/1814\/revisions\/3089"}],"wp:attachment":[{"href":"https:\/\/outby.se\/newsite\/wp-json\/wp\/v2\/media?parent=1814"}],"curies":[{"name":"wp","href":"https:\/\/api.w.org\/{rel}","templated":true}]}}