{"id":1816,"date":"2022-09-21T15:17:26","date_gmt":"2022-09-21T13:17:26","guid":{"rendered":"https:\/\/outby.se\/newsite\/?page_id=1816"},"modified":"2023-10-12T14:45:40","modified_gmt":"2023-10-12T12:45:40","slug":"stallplatser","status":"publish","type":"page","link":"https:\/\/outby.se\/newsite\/stallplatser\/","title":{"rendered":"St\u00e4llplatser"},"content":{"rendered":"\t\t<div data-elementor-type=\"wp-page\" data-elementor-id=\"1816\" class=\"elementor elementor-1816\" data-elementor-post-type=\"page\">\n\t\t\t\t<div class=\"elementor-element elementor-element-0a9f02e e-flex e-con-boxed e-con e-parent\" data-id=\"0a9f02e\" data-element_type=\"container\" data-settings=\"{&quot;background_background&quot;:&quot;classic&quot;}\">\n\t\t\t\t\t<div class=\"e-con-inner\">\n\t\t\t\t<div class=\"elementor-element elementor-element-f2e46f0 elementor-invisible elementor-widget elementor-widget-heading\" data-id=\"f2e46f0\" data-element_type=\"widget\" data-settings=\"{&quot;_animation&quot;:&quot;fadeInDown&quot;}\" data-widget_type=\"heading.default\">\n\t\t\t\t<div class=\"elementor-widget-container\">\n\t\t\t\t\t<h2 class=\"elementor-heading-title elementor-size-default\">St\u00e4llplatser<\/h2>\t\t\t\t<\/div>\n\t\t\t\t<\/div>\n\t\t\t\t\t<\/div>\n\t\t\t\t<\/div>\n\t\t<div class=\"elementor-element elementor-element-7806943 e-flex e-con-boxed e-con e-parent\" data-id=\"7806943\" data-element_type=\"container\" data-settings=\"{&quot;background_background&quot;:&quot;classic&quot;}\">\n\t\t\t\t\t<div class=\"e-con-inner\">\n\t\t<div class=\"elementor-element elementor-element-5050d8f e-con-full e-flex e-con e-child\" data-id=\"5050d8f\" data-element_type=\"container\">\n\t\t<div class=\"elementor-element elementor-element-3a61b22 e-con-full e-flex e-con e-child\" data-id=\"3a61b22\" data-element_type=\"container\">\n\t\t\t\t<div class=\"elementor-element elementor-element-a9f7b58 elementor-widget elementor-widget-text-editor\" data-id=\"a9f7b58\" data-element_type=\"widget\" data-widget_type=\"text-editor.default\">\n\t\t\t\t<div class=\"elementor-widget-container\">\n\t\t\t\t\t\t\t\t\t<p>Bokningssystemet ger m\u00f6jlighet f\u00f6r uthyrning av st\u00e4llplatser d\u00e4r ni har en smidig kontakt med g\u00e4sten inf\u00f6r, under och efter vistelsen.<\/p>\t\t\t\t\t\t\t\t<\/div>\n\t\t\t\t<\/div>\n\t\t\t\t<div class=\"elementor-element elementor-element-f2fc28c elementor-widget elementor-widget-text-editor\" data-id=\"f2fc28c\" data-element_type=\"widget\" data-widget_type=\"text-editor.default\">\n\t\t\t\t<div class=\"elementor-widget-container\">\n\t\t\t\t\t\t\t\t\t<p><span style=\"font-weight: 400;\">Via administrationsverktyget kan ni skicka en kod till g\u00e4sterna s\u00e5 de f\u00e5r tillg\u00e5ng till ert servicehus n\u00e4r de checkar in. G\u00e4sten kan f\u00e5 tillg\u00e5ng till koden direkt n\u00e4r de gjort sin bokning, direkt p\u00e5 bekr\u00e4ftelsesidan, eller n\u00e4r deras bokning v\u00e4l \u00e4r aktiv. Dessutom \u00e4r det enkelt att f\u00f6rmedla information inf\u00f6r, under och efter g\u00e4sternas vistelse via administrationsverktyget.<\/span><\/p>\t\t\t\t\t\t\t\t<\/div>\n\t\t\t\t<\/div>\n\t\t\t\t<div class=\"elementor-element elementor-element-4ccd062 elementor-widget elementor-widget-image\" data-id=\"4ccd062\" data-element_type=\"widget\" data-widget_type=\"image.default\">\n\t\t\t\t<div class=\"elementor-widget-container\">\n\t\t\t\t\t\t\t\t\t\t\t\t<figure class=\"wp-caption\">\n\t\t\t\t\t\t\t\t\t\t<img fetchpriority=\"high\" decoding=\"async\" width=\"800\" height=\"402\" src=\"https:\/\/outby.se\/newsite\/wp-content\/uploads\/2022\/11\/Skarmavbild-2022-11-21-kl.-11.53.59-1024x515.png\" class=\"attachment-large size-large wp-image-2105\" alt=\"\" srcset=\"https:\/\/outby.se\/newsite\/wp-content\/uploads\/2022\/11\/Skarmavbild-2022-11-21-kl.-11.53.59-1024x515.png 1024w, https:\/\/outby.se\/newsite\/wp-content\/uploads\/2022\/11\/Skarmavbild-2022-11-21-kl.-11.53.59-300x151.png 300w, https:\/\/outby.se\/newsite\/wp-content\/uploads\/2022\/11\/Skarmavbild-2022-11-21-kl.-11.53.59-768x386.png 768w, https:\/\/outby.se\/newsite\/wp-content\/uploads\/2022\/11\/Skarmavbild-2022-11-21-kl.-11.53.59-1536x772.png 1536w, https:\/\/outby.se\/newsite\/wp-content\/uploads\/2022\/11\/Skarmavbild-2022-11-21-kl.-11.53.59-2048x1030.png 2048w\" sizes=\"(max-width: 800px) 100vw, 800px\" \/>\t\t\t\t\t\t\t\t\t\t\t<figcaption class=\"widget-image-caption wp-caption-text\">Redigera st\u00e4llplatser i administrationsverktyget<\/figcaption>\n\t\t\t\t\t\t\t\t\t\t<\/figure>\n\t\t\t\t\t\t\t\t\t<\/div>\n\t\t\t\t<\/div>\n\t\t\t\t<\/div>\n\t\t\t\t<\/div>\n\t\t\t\t\t<\/div>\n\t\t\t\t<\/div>\n\t\t<div class=\"elementor-element elementor-element-2dabe6d e-flex e-con-boxed e-con e-parent\" data-id=\"2dabe6d\" data-element_type=\"container\" data-settings=\"{&quot;animation_mobile&quot;:&quot;none&quot;}\">\n\t\t\t\t\t<div class=\"e-con-inner\">\n\t\t<div class=\"elementor-element elementor-element-f919ca3 e-con-full e-flex e-con e-child\" data-id=\"f919ca3\" data-element_type=\"container\" data-settings=\"{&quot;animation_mobile&quot;:&quot;none&quot;}\">\n\t\t\t\t<div class=\"elementor-element elementor-element-d1d6260 elementor-widget elementor-widget-heading\" data-id=\"d1d6260\" data-element_type=\"widget\" data-widget_type=\"heading.default\">\n\t\t\t\t<div class=\"elementor-widget-container\">\n\t\t\t\t\t<h2 class=\"elementor-heading-title elementor-size-default\">Vi \u00e4r bara ett samtal bort<\/h2>\t\t\t\t<\/div>\n\t\t\t\t<\/div>\n\t\t\t\t<div class=\"elementor-element elementor-element-b324453 elementor-widget elementor-widget-text-editor\" data-id=\"b324453\" data-element_type=\"widget\" data-widget_type=\"text-editor.default\">\n\t\t\t\t<div class=\"elementor-widget-container\">\n\t\t\t\t\t\t\t\t\t<p>Hur kan vi underl\u00e4tta f\u00f6r dig och din anl\u00e4ggning? L\u00e5t oss ta reda p\u00e5 det \u00f6ver ett telefonsamtal!<\/p>\t\t\t\t\t\t\t\t<\/div>\n\t\t\t\t<\/div>\n\t\t\t\t<\/div>\n\t\t<div class=\"elementor-element elementor-element-f29d5d2 e-flex e-con-boxed e-con e-child\" data-id=\"f29d5d2\" data-element_type=\"container\" data-settings=\"{&quot;animation_mobile&quot;:&quot;none&quot;}\">\n\t\t\t\t\t<div class=\"e-con-inner\">\n\t\t\t\t<div class=\"elementor-element elementor-element-019edc8 elementor-widget elementor-widget-button\" data-id=\"019edc8\" data-element_type=\"widget\" data-widget_type=\"button.default\">\n\t\t\t\t<div class=\"elementor-widget-container\">\n\t\t\t\t\t\t\t\t\t<div class=\"elementor-button-wrapper\">\n\t\t\t\t\t<a class=\"elementor-button elementor-button-link elementor-size-sm\" href=\"https:\/\/favro.com\/form\/b38f1a46ea4fe4686f1bdf3f?secret=eag1l7ISBpoI6gVrg79N0uWRrVijOlTf-7t0WkugSNv\" target=\"_blank\">\n\t\t\t\t\t\t<span class=\"elementor-button-content-wrapper\">\n\t\t\t\t\t\t\t\t\t<span class=\"elementor-button-text\">Boka ett samtal<\/span>\n\t\t\t\t\t<\/span>\n\t\t\t\t\t<\/a>\n\t\t\t\t<\/div>\n\t\t\t\t\t\t\t\t<\/div>\n\t\t\t\t<\/div>\n\t\t\t\t\t<\/div>\n\t\t\t\t<\/div>\n\t\t\t\t\t<\/div>\n\t\t\t\t<\/div>\n\t\t\t\t<\/div>\n\t\t","protected":false},"excerpt":{"rendered":"<p>St\u00e4llplatser Bokningssystemet ger m\u00f6jlighet f\u00f6r uthyrning av st\u00e4llplatser d\u00e4r ni har en smidig kontakt med g\u00e4sten inf\u00f6r, under och efter vistelsen. Via administrationsverktyget kan ni skicka en kod till g\u00e4sterna s\u00e5 de f\u00e5r tillg\u00e5ng till ert servicehus n\u00e4r de checkar in. G\u00e4sten kan f\u00e5 tillg\u00e5ng till koden direkt n\u00e4r de gjort sin bokning, direkt p\u00e5 [&hellip;]<\/p>\n","protected":false},"author":2,"featured_media":0,"parent":0,"menu_order":0,"comment_status":"closed","ping_status":"closed","template":"","meta":{"_uag_custom_page_level_css":"","footnotes":""},"class_list":["post-1816","page","type-page","status-publish","hentry"],"uagb_featured_image_src":{"full":false,"thumbnail":false,"medium":false,"medium_large":false,"large":false,"1536x1536":false,"2048x2048":false},"uagb_author_info":{"display_name":"Constanza Lacorazza","author_link":"https:\/\/outby.se\/newsite\/author\/constanza\/"},"uagb_comment_info":0,"uagb_excerpt":"St\u00e4llplatser Bokningssystemet ger m\u00f6jlighet f\u00f6r uthyrning av st\u00e4llplatser d\u00e4r ni har en smidig kontakt med g\u00e4sten inf\u00f6r, under och efter vistelsen. Via administrationsverktyget kan ni skicka en kod till g\u00e4sterna s\u00e5 de f\u00e5r tillg\u00e5ng till ert servicehus n\u00e4r de checkar in. G\u00e4sten kan f\u00e5 tillg\u00e5ng till koden direkt n\u00e4r de gjort sin bokning, direkt p\u00e5&hellip;","_links":{"self":[{"href":"https:\/\/outby.se\/newsite\/wp-json\/wp\/v2\/pages\/1816","targetHints":{"allow":["GET"]}}],"collection":[{"href":"https:\/\/outby.se\/newsite\/wp-json\/wp\/v2\/pages"}],"about":[{"href":"https:\/\/outby.se\/newsite\/wp-json\/wp\/v2\/types\/page"}],"author":[{"embeddable":true,"href":"https:\/\/outby.se\/newsite\/wp-json\/wp\/v2\/users\/2"}],"replies":[{"embeddable":true,"href":"https:\/\/outby.se\/newsite\/wp-json\/wp\/v2\/comments?post=1816"}],"version-history":[{"count":25,"href":"https:\/\/outby.se\/newsite\/wp-json\/wp\/v2\/pages\/1816\/revisions"}],"predecessor-version":[{"id":3032,"href":"https:\/\/outby.se\/newsite\/wp-json\/wp\/v2\/pages\/1816\/revisions\/3032"}],"wp:attachment":[{"href":"https:\/\/outby.se\/newsite\/wp-json\/wp\/v2\/media?parent=1816"}],"curies":[{"name":"wp","href":"https:\/\/api.w.org\/{rel}","templated":true}]}}