{"id":1820,"date":"2022-09-21T15:17:50","date_gmt":"2022-09-21T13:17:50","guid":{"rendered":"https:\/\/outby.se\/newsite\/?page_id=1820"},"modified":"2023-10-26T12:07:25","modified_gmt":"2023-10-26T10:07:25","slug":"bokforing-statistik","status":"publish","type":"page","link":"https:\/\/outby.se\/newsite\/bokforing-statistik\/","title":{"rendered":"Bokf\u00f6ring &#038; statistik"},"content":{"rendered":"\t\t<div data-elementor-type=\"wp-page\" data-elementor-id=\"1820\" class=\"elementor elementor-1820\" data-elementor-post-type=\"page\">\n\t\t\t\t<div class=\"elementor-element elementor-element-1249dc3 e-flex e-con-boxed e-con e-parent\" data-id=\"1249dc3\" data-element_type=\"container\" data-settings=\"{&quot;background_background&quot;:&quot;classic&quot;}\">\n\t\t\t\t\t<div class=\"e-con-inner\">\n\t\t\t\t<div class=\"elementor-element elementor-element-20929f8 elementor-invisible elementor-widget elementor-widget-heading\" data-id=\"20929f8\" data-element_type=\"widget\" data-settings=\"{&quot;_animation&quot;:&quot;fadeInDown&quot;}\" data-widget_type=\"heading.default\">\n\t\t\t\t<div class=\"elementor-widget-container\">\n\t\t\t\t\t<h2 class=\"elementor-heading-title elementor-size-default\">Bokf\u00f6ring &amp; statistik<\/h2>\t\t\t\t<\/div>\n\t\t\t\t<\/div>\n\t\t\t\t\t<\/div>\n\t\t\t\t<\/div>\n\t\t<div class=\"elementor-element elementor-element-3726def e-flex e-con-boxed e-con e-parent\" data-id=\"3726def\" data-element_type=\"container\" data-settings=\"{&quot;background_background&quot;:&quot;classic&quot;}\">\n\t\t\t\t\t<div class=\"e-con-inner\">\n\t\t<div class=\"elementor-element elementor-element-dd3e012 e-con-full e-flex e-con e-child\" data-id=\"dd3e012\" data-element_type=\"container\">\n\t\t<div class=\"elementor-element elementor-element-537c937 e-con-full e-flex e-con e-child\" data-id=\"537c937\" data-element_type=\"container\">\n\t\t\t\t<div class=\"elementor-element elementor-element-0e223f0 elementor-widget elementor-widget-text-editor\" data-id=\"0e223f0\" data-element_type=\"widget\" data-widget_type=\"text-editor.default\">\n\t\t\t\t<div class=\"elementor-widget-container\">\n\t\t\t\t\t\t\t\t\t<p>Vi g\u00f6r veckovisa utbetalningar till v\u00e5ra anl\u00e4ggningar. I samband med utbetalningen skickar vi ett bokf\u00f6ringsunderlag.<\/p>\t\t\t\t\t\t\t\t<\/div>\n\t\t\t\t<\/div>\n\t\t\t\t<div class=\"elementor-element elementor-element-a063a49 elementor-widget__width-initial elementor-widget elementor-widget-text-editor\" data-id=\"a063a49\" data-element_type=\"widget\" data-widget_type=\"text-editor.default\">\n\t\t\t\t<div class=\"elementor-widget-container\">\n\t\t\t\t\t\t\t\t\t<p>Bokf\u00f6ring<\/p>\t\t\t\t\t\t\t\t<\/div>\n\t\t\t\t<\/div>\n\t\t\t\t<div class=\"elementor-element elementor-element-e1a7217 elementor-widget elementor-widget-text-editor\" data-id=\"e1a7217\" data-element_type=\"widget\" data-widget_type=\"text-editor.default\">\n\t\t\t\t<div class=\"elementor-widget-container\">\n\t\t\t\t\t\t\t\t\t<p><span style=\"color: var( --e-global-color-primary ); font-family: var( --e-global-typography-text-font-family ), Sans-serif; font-size: var( --e-global-typography-text-font-size ); font-style: var( --e-global-typography-text-font-style ); font-weight: var( --e-global-typography-text-font-weight ); background-color: var( --e-global-color-e3c784a );\">Vi vill inte att ni ska beh\u00f6va l\u00e4gga mer tid p\u00e5 administration \u00e4n n\u00f6dv\u00e4ndigt. D\u00e4rf\u00f6r jobbar vi flitigt med att f\u00f6renkla er bokf\u00f6ring. Vi hanterar all f\u00f6rs\u00e4ljning och g\u00f6r veckovisa utbetalningar till respektive kund och angivet bankkonto \u2013 i samband med utbetalningen skickar vi ett bokf\u00f6ringsunderlag.<\/span><\/p>\t\t\t\t\t\t\t\t<\/div>\n\t\t\t\t<\/div>\n\t\t\t\t<div class=\"elementor-element elementor-element-9ca36e8 elementor-widget__width-initial elementor-widget elementor-widget-text-editor\" data-id=\"9ca36e8\" data-element_type=\"widget\" data-widget_type=\"text-editor.default\">\n\t\t\t\t<div class=\"elementor-widget-container\">\n\t\t\t\t\t\t\t\t\t<p>Statistik<\/p>\t\t\t\t\t\t\t\t<\/div>\n\t\t\t\t<\/div>\n\t\t\t\t<div class=\"elementor-element elementor-element-4d1ef41 elementor-widget elementor-widget-text-editor\" data-id=\"4d1ef41\" data-element_type=\"widget\" data-widget_type=\"text-editor.default\">\n\t\t\t\t<div class=\"elementor-widget-container\">\n\t\t\t\t\t\t\t\t\t<p>Samla och se \u00f6ver statistik f\u00f6r era produkter under olika perioder. Det g\u00e5r \u00e4ven att exportera statistiken till en Excel-fil.<\/p>\t\t\t\t\t\t\t\t<\/div>\n\t\t\t\t<\/div>\n\t\t\t\t<div class=\"elementor-element elementor-element-a8dff5d elementor-widget elementor-widget-image\" data-id=\"a8dff5d\" data-element_type=\"widget\" data-widget_type=\"image.default\">\n\t\t\t\t<div class=\"elementor-widget-container\">\n\t\t\t\t\t\t\t\t\t\t\t\t\t\t\t<img fetchpriority=\"high\" decoding=\"async\" width=\"800\" height=\"446\" src=\"https:\/\/outby.se\/newsite\/wp-content\/uploads\/2023\/10\/Ska\u0308rmavbild-2023-10-26-kl.-12.06.42.png\" class=\"attachment-large size-large wp-image-3104\" alt=\"\" \/>\t\t\t\t\t\t\t\t\t\t\t\t\t\t\t<\/div>\n\t\t\t\t<\/div>\n\t\t\t\t<div class=\"elementor-element elementor-element-ade8c96 elementor-widget__width-initial elementor-widget elementor-widget-text-editor\" data-id=\"ade8c96\" data-element_type=\"widget\" data-widget_type=\"text-editor.default\">\n\t\t\t\t<div class=\"elementor-widget-container\">\n\t\t\t\t\t\t\t\t\t<p>Betalningar<\/p>\t\t\t\t\t\t\t\t<\/div>\n\t\t\t\t<\/div>\n\t\t\t\t<div class=\"elementor-element elementor-element-eb6c1c9 elementor-widget elementor-widget-text-editor\" data-id=\"eb6c1c9\" data-element_type=\"widget\" data-widget_type=\"text-editor.default\">\n\t\t\t\t<div class=\"elementor-widget-container\">\n\t\t\t\t\t\t\t\t\t<p>Era g\u00e4ster kan betala med kort, Swish eller norska Vipps.<\/p>\t\t\t\t\t\t\t\t<\/div>\n\t\t\t\t<\/div>\n\t\t\t\t<div class=\"elementor-element elementor-element-f739bc2 elementor-widget__width-initial elementor-widget elementor-widget-image\" data-id=\"f739bc2\" data-element_type=\"widget\" data-widget_type=\"image.default\">\n\t\t\t\t<div class=\"elementor-widget-container\">\n\t\t\t\t\t\t\t\t\t\t\t\t\t\t\t<img decoding=\"async\" width=\"800\" height=\"222\" src=\"https:\/\/outby.se\/newsite\/wp-content\/uploads\/2023\/10\/Betalning.png\" class=\"attachment-large size-large wp-image-3103\" alt=\"\" \/>\t\t\t\t\t\t\t\t\t\t\t\t\t\t\t<\/div>\n\t\t\t\t<\/div>\n\t\t\t\t<\/div>\n\t\t\t\t<\/div>\n\t\t\t\t\t<\/div>\n\t\t\t\t<\/div>\n\t\t<div class=\"elementor-element elementor-element-2976c79 e-flex e-con-boxed e-con e-parent\" data-id=\"2976c79\" data-element_type=\"container\" data-settings=\"{&quot;animation_mobile&quot;:&quot;none&quot;}\">\n\t\t\t\t\t<div class=\"e-con-inner\">\n\t\t<div class=\"elementor-element elementor-element-07606fd e-con-full e-flex e-con e-child\" data-id=\"07606fd\" data-element_type=\"container\" data-settings=\"{&quot;animation_mobile&quot;:&quot;none&quot;}\">\n\t\t\t\t<div class=\"elementor-element elementor-element-2e5d080 elementor-widget elementor-widget-heading\" data-id=\"2e5d080\" data-element_type=\"widget\" data-widget_type=\"heading.default\">\n\t\t\t\t<div class=\"elementor-widget-container\">\n\t\t\t\t\t<h2 class=\"elementor-heading-title elementor-size-default\">Vi \u00e4r bara ett samtal bort<\/h2>\t\t\t\t<\/div>\n\t\t\t\t<\/div>\n\t\t\t\t<div class=\"elementor-element elementor-element-6f1b0e8 elementor-widget elementor-widget-text-editor\" data-id=\"6f1b0e8\" data-element_type=\"widget\" data-widget_type=\"text-editor.default\">\n\t\t\t\t<div class=\"elementor-widget-container\">\n\t\t\t\t\t\t\t\t\t<p>Hur kan vi underl\u00e4tta f\u00f6r dig och din anl\u00e4ggning? L\u00e5t oss ta reda p\u00e5 det \u00f6ver ett telefonsamtal!<\/p>\t\t\t\t\t\t\t\t<\/div>\n\t\t\t\t<\/div>\n\t\t\t\t<\/div>\n\t\t<div class=\"elementor-element elementor-element-757f006 e-flex e-con-boxed e-con e-child\" data-id=\"757f006\" data-element_type=\"container\" data-settings=\"{&quot;animation_mobile&quot;:&quot;none&quot;}\">\n\t\t\t\t\t<div class=\"e-con-inner\">\n\t\t\t\t<div class=\"elementor-element elementor-element-5f708a8 elementor-widget elementor-widget-button\" data-id=\"5f708a8\" data-element_type=\"widget\" data-widget_type=\"button.default\">\n\t\t\t\t<div class=\"elementor-widget-container\">\n\t\t\t\t\t\t\t\t\t<div class=\"elementor-button-wrapper\">\n\t\t\t\t\t<a class=\"elementor-button elementor-button-link elementor-size-sm\" href=\"https:\/\/favro.com\/form\/b38f1a46ea4fe4686f1bdf3f?secret=eag1l7ISBpoI6gVrg79N0uWRrVijOlTf-7t0WkugSNv\" target=\"_blank\">\n\t\t\t\t\t\t<span class=\"elementor-button-content-wrapper\">\n\t\t\t\t\t\t\t\t\t<span class=\"elementor-button-text\">Boka ett samtal<\/span>\n\t\t\t\t\t<\/span>\n\t\t\t\t\t<\/a>\n\t\t\t\t<\/div>\n\t\t\t\t\t\t\t\t<\/div>\n\t\t\t\t<\/div>\n\t\t\t\t\t<\/div>\n\t\t\t\t<\/div>\n\t\t\t\t\t<\/div>\n\t\t\t\t<\/div>\n\t\t\t\t<\/div>\n\t\t","protected":false},"excerpt":{"rendered":"<p>Bokf\u00f6ring &amp; statistik Vi g\u00f6r veckovisa utbetalningar till v\u00e5ra anl\u00e4ggningar. I samband med utbetalningen skickar vi ett bokf\u00f6ringsunderlag. Bokf\u00f6ring Vi vill inte att ni ska beh\u00f6va l\u00e4gga mer tid p\u00e5 administration \u00e4n n\u00f6dv\u00e4ndigt. D\u00e4rf\u00f6r jobbar vi flitigt med att f\u00f6renkla er bokf\u00f6ring. Vi hanterar all f\u00f6rs\u00e4ljning och g\u00f6r veckovisa utbetalningar till respektive kund och angivet [&hellip;]<\/p>\n","protected":false},"author":2,"featured_media":0,"parent":0,"menu_order":0,"comment_status":"closed","ping_status":"closed","template":"","meta":{"_uag_custom_page_level_css":"","footnotes":""},"class_list":["post-1820","page","type-page","status-publish","hentry"],"uagb_featured_image_src":{"full":false,"thumbnail":false,"medium":false,"medium_large":false,"large":false,"1536x1536":false,"2048x2048":false},"uagb_author_info":{"display_name":"Constanza Lacorazza","author_link":"https:\/\/outby.se\/newsite\/author\/constanza\/"},"uagb_comment_info":0,"uagb_excerpt":"Bokf\u00f6ring &amp; statistik Vi g\u00f6r veckovisa utbetalningar till v\u00e5ra anl\u00e4ggningar. I samband med utbetalningen skickar vi ett bokf\u00f6ringsunderlag. Bokf\u00f6ring Vi vill inte att ni ska beh\u00f6va l\u00e4gga mer tid p\u00e5 administration \u00e4n n\u00f6dv\u00e4ndigt. D\u00e4rf\u00f6r jobbar vi flitigt med att f\u00f6renkla er bokf\u00f6ring. Vi hanterar all f\u00f6rs\u00e4ljning och g\u00f6r veckovisa utbetalningar till respektive kund och angivet&hellip;","_links":{"self":[{"href":"https:\/\/outby.se\/newsite\/wp-json\/wp\/v2\/pages\/1820","targetHints":{"allow":["GET"]}}],"collection":[{"href":"https:\/\/outby.se\/newsite\/wp-json\/wp\/v2\/pages"}],"about":[{"href":"https:\/\/outby.se\/newsite\/wp-json\/wp\/v2\/types\/page"}],"author":[{"embeddable":true,"href":"https:\/\/outby.se\/newsite\/wp-json\/wp\/v2\/users\/2"}],"replies":[{"embeddable":true,"href":"https:\/\/outby.se\/newsite\/wp-json\/wp\/v2\/comments?post=1820"}],"version-history":[{"count":29,"href":"https:\/\/outby.se\/newsite\/wp-json\/wp\/v2\/pages\/1820\/revisions"}],"predecessor-version":[{"id":3108,"href":"https:\/\/outby.se\/newsite\/wp-json\/wp\/v2\/pages\/1820\/revisions\/3108"}],"wp:attachment":[{"href":"https:\/\/outby.se\/newsite\/wp-json\/wp\/v2\/media?parent=1820"}],"curies":[{"name":"wp","href":"https:\/\/api.w.org\/{rel}","templated":true}]}}