{"id":1822,"date":"2022-09-21T15:18:06","date_gmt":"2022-09-21T13:18:06","guid":{"rendered":"https:\/\/outby.se\/newsite\/?page_id=1822"},"modified":"2023-10-17T14:20:04","modified_gmt":"2023-10-17T12:20:04","slug":"webbshop","status":"publish","type":"page","link":"https:\/\/outby.se\/newsite\/webbshop\/","title":{"rendered":"Webbshop"},"content":{"rendered":"\t\t<div data-elementor-type=\"wp-page\" data-elementor-id=\"1822\" class=\"elementor elementor-1822\" data-elementor-post-type=\"page\">\n\t\t\t\t<div class=\"elementor-element elementor-element-a587243 e-flex e-con-boxed e-con e-parent\" data-id=\"a587243\" data-element_type=\"container\" data-settings=\"{&quot;background_background&quot;:&quot;classic&quot;}\">\n\t\t\t\t\t<div class=\"e-con-inner\">\n\t\t\t\t<div class=\"elementor-element elementor-element-4c4b504 elementor-invisible elementor-widget elementor-widget-heading\" data-id=\"4c4b504\" data-element_type=\"widget\" data-settings=\"{&quot;_animation&quot;:&quot;fadeInDown&quot;}\" data-widget_type=\"heading.default\">\n\t\t\t\t<div class=\"elementor-widget-container\">\n\t\t\t\t\t<h2 class=\"elementor-heading-title elementor-size-default\">Webbshop<\/h2>\t\t\t\t<\/div>\n\t\t\t\t<\/div>\n\t\t\t\t\t<\/div>\n\t\t\t\t<\/div>\n\t\t<div class=\"elementor-element elementor-element-db5e7b4 e-flex e-con-boxed e-con e-parent\" data-id=\"db5e7b4\" data-element_type=\"container\" data-settings=\"{&quot;background_background&quot;:&quot;classic&quot;}\">\n\t\t\t\t\t<div class=\"e-con-inner\">\n\t\t<div class=\"elementor-element elementor-element-04b0935 e-con-full e-flex e-con e-child\" data-id=\"04b0935\" data-element_type=\"container\" data-settings=\"{&quot;animation&quot;:&quot;none&quot;}\">\n\t\t<div class=\"elementor-element elementor-element-ea91286 e-con-full e-flex e-con e-child\" data-id=\"ea91286\" data-element_type=\"container\">\n\t\t\t\t<div class=\"elementor-element elementor-element-8a1ebd7 elementor-widget elementor-widget-image\" data-id=\"8a1ebd7\" data-element_type=\"widget\" data-widget_type=\"image.default\">\n\t\t\t\t<div class=\"elementor-widget-container\">\n\t\t\t\t\t\t\t\t\t\t\t\t\t\t\t<img decoding=\"async\" src=\"https:\/\/outby.se\/newsite\/wp-content\/uploads\/2022\/09\/Mockup_Webbshop-kopiera.jpg\" title=\"\" alt=\"\" loading=\"lazy\" \/>\t\t\t\t\t\t\t\t\t\t\t\t\t\t\t<\/div>\n\t\t\t\t<\/div>\n\t\t\t\t<div class=\"elementor-element elementor-element-9284ae0 elementor-widget elementor-widget-image\" data-id=\"9284ae0\" data-element_type=\"widget\" data-widget_type=\"image.default\">\n\t\t\t\t<div class=\"elementor-widget-container\">\n\t\t\t\t\t\t\t\t\t\t\t\t<figure class=\"wp-caption\">\n\t\t\t\t\t\t\t\t\t\t<img fetchpriority=\"high\" decoding=\"async\" width=\"800\" height=\"555\" src=\"https:\/\/outby.se\/newsite\/wp-content\/uploads\/2023\/05\/webshop_sommar.png\" class=\"attachment-large size-large wp-image-2861\" alt=\"\" \/>\t\t\t\t\t\t\t\t\t\t\t<figcaption class=\"widget-image-caption wp-caption-text\"><\/figcaption>\n\t\t\t\t\t\t\t\t\t\t<\/figure>\n\t\t\t\t\t\t\t\t\t<\/div>\n\t\t\t\t<\/div>\n\t\t\t\t<div class=\"elementor-element elementor-element-0538bed elementor-widget elementor-widget-text-editor\" data-id=\"0538bed\" data-element_type=\"widget\" data-widget_type=\"text-editor.default\">\n\t\t\t\t<div class=\"elementor-widget-container\">\n\t\t\t\t\t\t\t\t\t<p>Att ha en egen webbshop har aldrig varit smidigare. Ni best\u00e4mmer sj\u00e4lva vad ni vill s\u00e4lja i den \u2013 l\u00e5t oss sk\u00f6ta det tekniska.<\/p>\t\t\t\t\t\t\t\t<\/div>\n\t\t\t\t<\/div>\n\t\t\t\t<div class=\"elementor-element elementor-element-06f5b50 elementor-widget elementor-widget-text-editor\" data-id=\"06f5b50\" data-element_type=\"widget\" data-widget_type=\"text-editor.default\">\n\t\t\t\t<div class=\"elementor-widget-container\">\n\t\t\t\t\t\t\t\t\t<p>Samla alla era produkter p\u00e5 ett och samma st\u00e4lle, med b\u00e5de enkel hantering f\u00f6r er samt smidigt k\u00f6pfl\u00f6de f\u00f6r g\u00e4sten. Ut\u00f6ver det kan ni \u00e4ven f\u00f6rmedla information d\u00e4r genom korta notiser eller l\u00e4ngre artiklar \u2013 dessa hanterar ni enkelt i administrationsverktyget. Webbshoppens utseende anpassas \u00e4ven utefter era f\u00e4rger.<\/p><p>Nedan f\u00f6ljer n\u00e5gra exempel p\u00e5 kategorier ni kan ha i er webbshop.<\/p><p><!-- notionvc: 568f4246-3b46-4a80-83b6-e1ebe2a82d65 --><\/p>\t\t\t\t\t\t\t\t<\/div>\n\t\t\t\t<\/div>\n\t\t<div class=\"elementor-element elementor-element-b011ff8 e-flex e-con-boxed e-con e-child\" data-id=\"b011ff8\" data-element_type=\"container\">\n\t\t\t\t\t<div class=\"e-con-inner\">\n\t\t<div class=\"elementor-element elementor-element-45e4778 e-con-full e-flex e-con e-child\" data-id=\"45e4778\" data-element_type=\"container\">\n\t\t\t\t<div class=\"elementor-element elementor-element-504fe1e elementor-widget elementor-widget-image\" data-id=\"504fe1e\" data-element_type=\"widget\" data-widget_type=\"image.default\">\n\t\t\t\t<div class=\"elementor-widget-container\">\n\t\t\t\t\t\t\t\t\t\t\t\t\t\t\t<img decoding=\"async\" width=\"150\" height=\"150\" src=\"https:\/\/outby.se\/newsite\/wp-content\/uploads\/2023\/01\/stuga_Rityta-1-150x150.png\" class=\"attachment-thumbnail size-thumbnail wp-image-2504\" alt=\"\" srcset=\"https:\/\/outby.se\/newsite\/wp-content\/uploads\/2023\/01\/stuga_Rityta-1-150x150.png 150w, https:\/\/outby.se\/newsite\/wp-content\/uploads\/2023\/01\/stuga_Rityta-1.png 167w\" sizes=\"(max-width: 150px) 100vw, 150px\" \/>\t\t\t\t\t\t\t\t\t\t\t\t\t\t\t<\/div>\n\t\t\t\t<\/div>\n\t\t\t\t<div class=\"elementor-element elementor-element-e368e55 elementor-widget elementor-widget-heading\" data-id=\"e368e55\" data-element_type=\"widget\" data-widget_type=\"heading.default\">\n\t\t\t\t<div class=\"elementor-widget-container\">\n\t\t\t\t\t<h2 class=\"elementor-heading-title elementor-size-default\">Boende<\/h2>\t\t\t\t<\/div>\n\t\t\t\t<\/div>\n\t\t\t\t<\/div>\n\t\t<div class=\"elementor-element elementor-element-51fddb9 e-con-full e-flex e-con e-child\" data-id=\"51fddb9\" data-element_type=\"container\">\n\t\t\t\t<div class=\"elementor-element elementor-element-2119a3e elementor-widget__width-initial elementor-widget elementor-widget-image\" data-id=\"2119a3e\" data-element_type=\"widget\" data-widget_type=\"image.default\">\n\t\t\t\t<div class=\"elementor-widget-container\">\n\t\t\t\t\t\t\t\t\t\t\t\t\t\t\t<img decoding=\"async\" width=\"150\" height=\"150\" src=\"https:\/\/outby.se\/newsite\/wp-content\/uploads\/2023\/10\/la\u0308ngdskida\u030akning_Rityta-1.png\" class=\"attachment-thumbnail size-thumbnail wp-image-3035\" alt=\"\" \/>\t\t\t\t\t\t\t\t\t\t\t\t\t\t\t<\/div>\n\t\t\t\t<\/div>\n\t\t\t\t<div class=\"elementor-element elementor-element-170238c elementor-widget elementor-widget-heading\" data-id=\"170238c\" data-element_type=\"widget\" data-widget_type=\"heading.default\">\n\t\t\t\t<div class=\"elementor-widget-container\">\n\t\t\t\t\t<h2 class=\"elementor-heading-title elementor-size-default\">Sp\u00e5rkort, liftkort och skipass<\/h2>\t\t\t\t<\/div>\n\t\t\t\t<\/div>\n\t\t\t\t<\/div>\n\t\t<div class=\"elementor-element elementor-element-056659c e-con-full e-flex e-con e-child\" data-id=\"056659c\" data-element_type=\"container\">\n\t\t\t\t<div class=\"elementor-element elementor-element-1e8e91d elementor-widget elementor-widget-image\" data-id=\"1e8e91d\" data-element_type=\"widget\" data-widget_type=\"image.default\">\n\t\t\t\t<div class=\"elementor-widget-container\">\n\t\t\t\t\t\t\t\t\t\t\t\t\t\t\t<img loading=\"lazy\" decoding=\"async\" width=\"150\" height=\"150\" src=\"https:\/\/outby.se\/newsite\/wp-content\/uploads\/2023\/10\/uthyrning_Rityta-1.png\" class=\"attachment-thumbnail size-thumbnail wp-image-3036\" alt=\"\" \/>\t\t\t\t\t\t\t\t\t\t\t\t\t\t\t<\/div>\n\t\t\t\t<\/div>\n\t\t\t\t<div class=\"elementor-element elementor-element-e1820ff elementor-widget elementor-widget-heading\" data-id=\"e1820ff\" data-element_type=\"widget\" data-widget_type=\"heading.default\">\n\t\t\t\t<div class=\"elementor-widget-container\">\n\t\t\t\t\t<h2 class=\"elementor-heading-title elementor-size-default\">Uthyrning<\/h2>\t\t\t\t<\/div>\n\t\t\t\t<\/div>\n\t\t\t\t<\/div>\n\t\t\t\t\t<\/div>\n\t\t\t\t<\/div>\n\t\t<div class=\"elementor-element elementor-element-1cba5e1 e-flex e-con-boxed e-con e-child\" data-id=\"1cba5e1\" data-element_type=\"container\">\n\t\t\t\t\t<div class=\"e-con-inner\">\n\t\t<div class=\"elementor-element elementor-element-3df2c3a e-con-full e-flex e-con e-child\" data-id=\"3df2c3a\" data-element_type=\"container\">\n\t\t\t\t<div class=\"elementor-element elementor-element-91b0636 elementor-widget elementor-widget-image\" data-id=\"91b0636\" data-element_type=\"widget\" data-widget_type=\"image.default\">\n\t\t\t\t<div class=\"elementor-widget-container\">\n\t\t\t\t\t\t\t\t\t\t\t\t\t\t\t<img loading=\"lazy\" decoding=\"async\" width=\"150\" height=\"150\" src=\"https:\/\/outby.se\/newsite\/wp-content\/uploads\/2023\/10\/sta\u0308llplats-gro\u0308n_Rityta-1.png\" class=\"attachment-thumbnail size-thumbnail wp-image-3037\" alt=\"\" \/>\t\t\t\t\t\t\t\t\t\t\t\t\t\t\t<\/div>\n\t\t\t\t<\/div>\n\t\t\t\t<div class=\"elementor-element elementor-element-f0fc1cb elementor-widget elementor-widget-heading\" data-id=\"f0fc1cb\" data-element_type=\"widget\" data-widget_type=\"heading.default\">\n\t\t\t\t<div class=\"elementor-widget-container\">\n\t\t\t\t\t<h2 class=\"elementor-heading-title elementor-size-default\">St\u00e4llplatser<\/h2>\t\t\t\t<\/div>\n\t\t\t\t<\/div>\n\t\t\t\t<\/div>\n\t\t<div class=\"elementor-element elementor-element-5f7d587 e-con-full e-flex e-con e-child\" data-id=\"5f7d587\" data-element_type=\"container\">\n\t\t\t\t<div class=\"elementor-element elementor-element-485041c elementor-widget elementor-widget-image\" data-id=\"485041c\" data-element_type=\"widget\" data-widget_type=\"image.default\">\n\t\t\t\t<div class=\"elementor-widget-container\">\n\t\t\t\t\t\t\t\t\t\t\t\t\t\t\t<img loading=\"lazy\" decoding=\"async\" width=\"150\" height=\"150\" src=\"https:\/\/outby.se\/newsite\/wp-content\/uploads\/2023\/10\/Golf.png\" class=\"attachment-thumbnail size-thumbnail wp-image-3038\" alt=\"\" \/>\t\t\t\t\t\t\t\t\t\t\t\t\t\t\t<\/div>\n\t\t\t\t<\/div>\n\t\t\t\t<div class=\"elementor-element elementor-element-0a47523 elementor-widget elementor-widget-heading\" data-id=\"0a47523\" data-element_type=\"widget\" data-widget_type=\"heading.default\">\n\t\t\t\t<div class=\"elementor-widget-container\">\n\t\t\t\t\t<h2 class=\"elementor-heading-title elementor-size-default\">Golf<\/h2>\t\t\t\t<\/div>\n\t\t\t\t<\/div>\n\t\t\t\t<\/div>\n\t\t<div class=\"elementor-element elementor-element-f865b57 e-con-full e-flex e-con e-child\" data-id=\"f865b57\" data-element_type=\"container\">\n\t\t\t\t<div class=\"elementor-element elementor-element-7bac371 elementor-widget elementor-widget-image\" data-id=\"7bac371\" data-element_type=\"widget\" data-widget_type=\"image.default\">\n\t\t\t\t<div class=\"elementor-widget-container\">\n\t\t\t\t\t\t\t\t\t\t\t\t\t\t\t<img loading=\"lazy\" decoding=\"async\" width=\"150\" height=\"150\" src=\"https:\/\/outby.se\/newsite\/wp-content\/uploads\/2023\/10\/utfo\u0308rsa\u030akning-gro\u0308n_Rityta-1.png\" class=\"attachment-thumbnail size-thumbnail wp-image-3039\" alt=\"\" \/>\t\t\t\t\t\t\t\t\t\t\t\t\t\t\t<\/div>\n\t\t\t\t<\/div>\n\t\t\t\t<div class=\"elementor-element elementor-element-ff220cf elementor-widget elementor-widget-heading\" data-id=\"ff220cf\" data-element_type=\"widget\" data-widget_type=\"heading.default\">\n\t\t\t\t<div class=\"elementor-widget-container\">\n\t\t\t\t\t<h2 class=\"elementor-heading-title elementor-size-default\">Skidskola<\/h2>\t\t\t\t<\/div>\n\t\t\t\t<\/div>\n\t\t\t\t<\/div>\n\t\t\t\t\t<\/div>\n\t\t\t\t<\/div>\n\t\t<div class=\"elementor-element elementor-element-2ab3461 e-flex e-con-boxed e-con e-child\" data-id=\"2ab3461\" data-element_type=\"container\">\n\t\t\t\t\t<div class=\"e-con-inner\">\n\t\t\t\t<div class=\"elementor-element elementor-element-5aa91ce elementor-widget elementor-widget-image\" data-id=\"5aa91ce\" data-element_type=\"widget\" data-widget_type=\"image.default\">\n\t\t\t\t<div class=\"elementor-widget-container\">\n\t\t\t\t\t\t\t\t\t\t\t\t\t\t\t<img loading=\"lazy\" decoding=\"async\" width=\"800\" height=\"393\" src=\"https:\/\/outby.se\/newsite\/wp-content\/uploads\/2023\/10\/Ska\u0308rmavbild-2023-10-17-kl.-13.57.49.png\" class=\"attachment-large size-large wp-image-3049\" alt=\"\" \/>\t\t\t\t\t\t\t\t\t\t\t\t\t\t\t<\/div>\n\t\t\t\t<\/div>\n\t\t\t\t<div class=\"elementor-element elementor-element-3e6d9c2 elementor-widget elementor-widget-text-editor\" data-id=\"3e6d9c2\" data-element_type=\"widget\" data-widget_type=\"text-editor.default\">\n\t\t\t\t<div class=\"elementor-widget-container\">\n\t\t\t\t\t\t\t\t\t<p>M\u00f6jlighet till tillval vid k\u00f6p.<\/p>\t\t\t\t\t\t\t\t<\/div>\n\t\t\t\t<\/div>\n\t\t\t\t<div class=\"elementor-element elementor-element-e4426c7 elementor-widget elementor-widget-image\" data-id=\"e4426c7\" data-element_type=\"widget\" data-widget_type=\"image.default\">\n\t\t\t\t<div class=\"elementor-widget-container\">\n\t\t\t\t\t\t\t\t\t\t\t\t\t\t\t<img loading=\"lazy\" decoding=\"async\" width=\"800\" height=\"397\" src=\"https:\/\/outby.se\/newsite\/wp-content\/uploads\/2023\/10\/Ska\u0308rmavbild-2023-10-17-kl.-14.15.32.png\" class=\"attachment-large size-large wp-image-3051\" alt=\"\" \/>\t\t\t\t\t\t\t\t\t\t\t\t\t\t\t<\/div>\n\t\t\t\t<\/div>\n\t\t\t\t<div class=\"elementor-element elementor-element-7d743ab elementor-widget elementor-widget-text-editor\" data-id=\"7d743ab\" data-element_type=\"widget\" data-widget_type=\"text-editor.default\">\n\t\t\t\t<div class=\"elementor-widget-container\">\n\t\t\t\t\t\t\t\t\t<p>G\u00e4sten v\u00e4ljer det betals\u00e4tt de \u00e4r bekv\u00e4ma med.<\/p>\t\t\t\t\t\t\t\t<\/div>\n\t\t\t\t<\/div>\n\t\t\t\t<div class=\"elementor-element elementor-element-10bc5fa elementor-widget elementor-widget-image\" data-id=\"10bc5fa\" data-element_type=\"widget\" data-widget_type=\"image.default\">\n\t\t\t\t<div class=\"elementor-widget-container\">\n\t\t\t\t\t\t\t\t\t\t\t\t\t\t\t<img loading=\"lazy\" decoding=\"async\" width=\"800\" height=\"1013\" src=\"https:\/\/outby.se\/newsite\/wp-content\/uploads\/2023\/10\/Webbshop-_-Kvittenssida-1.png\" class=\"attachment-large size-large wp-image-3052\" alt=\"\" \/>\t\t\t\t\t\t\t\t\t\t\t\t\t\t\t<\/div>\n\t\t\t\t<\/div>\n\t\t\t\t<div class=\"elementor-element elementor-element-2b77eb7 elementor-widget elementor-widget-text-editor\" data-id=\"2b77eb7\" data-element_type=\"widget\" data-widget_type=\"text-editor.default\">\n\t\t\t\t<div class=\"elementor-widget-container\">\n\t\t\t\t\t\t\t\t\t<p>Informativ kvittenssida med m\u00f6jlighet till friskv\u00e5rdskvitto, information om k\u00f6p och karta.<\/p>\t\t\t\t\t\t\t\t<\/div>\n\t\t\t\t<\/div>\n\t\t\t\t\t<\/div>\n\t\t\t\t<\/div>\n\t\t\t\t<\/div>\n\t\t\t\t<\/div>\n\t\t\t\t\t<\/div>\n\t\t\t\t<\/div>\n\t\t<div class=\"elementor-element elementor-element-343883c e-flex e-con-boxed e-con e-parent\" data-id=\"343883c\" data-element_type=\"container\" data-settings=\"{&quot;animation_mobile&quot;:&quot;none&quot;,&quot;animation&quot;:&quot;none&quot;}\">\n\t\t\t\t\t<div class=\"e-con-inner\">\n\t\t<div class=\"elementor-element elementor-element-c80696e e-con-full e-flex e-con e-child\" data-id=\"c80696e\" data-element_type=\"container\" data-settings=\"{&quot;animation_mobile&quot;:&quot;none&quot;}\">\n\t\t\t\t<div class=\"elementor-element elementor-element-6eea332 elementor-widget elementor-widget-heading\" data-id=\"6eea332\" data-element_type=\"widget\" data-widget_type=\"heading.default\">\n\t\t\t\t<div class=\"elementor-widget-container\">\n\t\t\t\t\t<h2 class=\"elementor-heading-title elementor-size-default\">Vi \u00e4r bara ett samtal bort<\/h2>\t\t\t\t<\/div>\n\t\t\t\t<\/div>\n\t\t\t\t<div class=\"elementor-element elementor-element-d5079ae elementor-widget elementor-widget-text-editor\" data-id=\"d5079ae\" data-element_type=\"widget\" data-widget_type=\"text-editor.default\">\n\t\t\t\t<div class=\"elementor-widget-container\">\n\t\t\t\t\t\t\t\t\t<p>Hur kan vi underl\u00e4tta f\u00f6r dig och din anl\u00e4ggning? L\u00e5t oss ta reda p\u00e5 det \u00f6ver ett telefonsamtal!<\/p>\t\t\t\t\t\t\t\t<\/div>\n\t\t\t\t<\/div>\n\t\t\t\t<\/div>\n\t\t<div class=\"elementor-element elementor-element-1cc9734 e-flex e-con-boxed e-con e-child\" data-id=\"1cc9734\" data-element_type=\"container\" data-settings=\"{&quot;animation_mobile&quot;:&quot;none&quot;}\">\n\t\t\t\t\t<div class=\"e-con-inner\">\n\t\t\t\t<div class=\"elementor-element elementor-element-e1f25a5 elementor-widget elementor-widget-button\" data-id=\"e1f25a5\" data-element_type=\"widget\" data-widget_type=\"button.default\">\n\t\t\t\t<div class=\"elementor-widget-container\">\n\t\t\t\t\t\t\t\t\t<div class=\"elementor-button-wrapper\">\n\t\t\t\t\t<a class=\"elementor-button elementor-button-link elementor-size-sm\" href=\"https:\/\/favro.com\/form\/b38f1a46ea4fe4686f1bdf3f?secret=eag1l7ISBpoI6gVrg79N0uWRrVijOlTf-7t0WkugSNv\" target=\"_blank\">\n\t\t\t\t\t\t<span class=\"elementor-button-content-wrapper\">\n\t\t\t\t\t\t\t\t\t<span class=\"elementor-button-text\">Boka ett samtal<\/span>\n\t\t\t\t\t<\/span>\n\t\t\t\t\t<\/a>\n\t\t\t\t<\/div>\n\t\t\t\t\t\t\t\t<\/div>\n\t\t\t\t<\/div>\n\t\t\t\t\t<\/div>\n\t\t\t\t<\/div>\n\t\t\t\t\t<\/div>\n\t\t\t\t<\/div>\n\t\t\t\t<\/div>\n\t\t","protected":false},"excerpt":{"rendered":"<p>Webbshop Att ha en egen webbshop har aldrig varit smidigare. Ni best\u00e4mmer sj\u00e4lva vad ni vill s\u00e4lja i den \u2013 l\u00e5t oss sk\u00f6ta det tekniska. Samla alla era produkter p\u00e5 ett och samma st\u00e4lle, med b\u00e5de enkel hantering f\u00f6r er samt smidigt k\u00f6pfl\u00f6de f\u00f6r g\u00e4sten. Ut\u00f6ver det kan ni \u00e4ven f\u00f6rmedla information d\u00e4r genom korta [&hellip;]<\/p>\n","protected":false},"author":2,"featured_media":0,"parent":0,"menu_order":0,"comment_status":"closed","ping_status":"closed","template":"","meta":{"_uag_custom_page_level_css":"","footnotes":""},"class_list":["post-1822","page","type-page","status-publish","hentry"],"uagb_featured_image_src":{"full":false,"thumbnail":false,"medium":false,"medium_large":false,"large":false,"1536x1536":false,"2048x2048":false},"uagb_author_info":{"display_name":"Constanza Lacorazza","author_link":"https:\/\/outby.se\/newsite\/author\/constanza\/"},"uagb_comment_info":0,"uagb_excerpt":"Webbshop Att ha en egen webbshop har aldrig varit smidigare. Ni best\u00e4mmer sj\u00e4lva vad ni vill s\u00e4lja i den \u2013 l\u00e5t oss sk\u00f6ta det tekniska. Samla alla era produkter p\u00e5 ett och samma st\u00e4lle, med b\u00e5de enkel hantering f\u00f6r er samt smidigt k\u00f6pfl\u00f6de f\u00f6r g\u00e4sten. Ut\u00f6ver det kan ni \u00e4ven f\u00f6rmedla information d\u00e4r genom korta&hellip;","_links":{"self":[{"href":"https:\/\/outby.se\/newsite\/wp-json\/wp\/v2\/pages\/1822","targetHints":{"allow":["GET"]}}],"collection":[{"href":"https:\/\/outby.se\/newsite\/wp-json\/wp\/v2\/pages"}],"about":[{"href":"https:\/\/outby.se\/newsite\/wp-json\/wp\/v2\/types\/page"}],"author":[{"embeddable":true,"href":"https:\/\/outby.se\/newsite\/wp-json\/wp\/v2\/users\/2"}],"replies":[{"embeddable":true,"href":"https:\/\/outby.se\/newsite\/wp-json\/wp\/v2\/comments?post=1822"}],"version-history":[{"count":37,"href":"https:\/\/outby.se\/newsite\/wp-json\/wp\/v2\/pages\/1822\/revisions"}],"predecessor-version":[{"id":3055,"href":"https:\/\/outby.se\/newsite\/wp-json\/wp\/v2\/pages\/1822\/revisions\/3055"}],"wp:attachment":[{"href":"https:\/\/outby.se\/newsite\/wp-json\/wp\/v2\/media?parent=1822"}],"curies":[{"name":"wp","href":"https:\/\/api.w.org\/{rel}","templated":true}]}}