{"id":1826,"date":"2022-09-21T15:18:31","date_gmt":"2022-09-21T13:18:31","guid":{"rendered":"https:\/\/outby.se\/newsite\/?page_id=1826"},"modified":"2025-09-25T12:40:59","modified_gmt":"2025-09-25T10:40:59","slug":"outby-gate","status":"publish","type":"page","link":"https:\/\/outby.se\/newsite\/outby-gate\/","title":{"rendered":"Outby Gate"},"content":{"rendered":"\t\t<div data-elementor-type=\"wp-page\" data-elementor-id=\"1826\" class=\"elementor elementor-1826\" data-elementor-post-type=\"page\">\n\t\t\t\t<div class=\"elementor-element elementor-element-a2449d0 e-flex e-con-boxed e-con e-parent\" data-id=\"a2449d0\" data-element_type=\"container\" data-settings=\"{&quot;background_background&quot;:&quot;classic&quot;}\">\n\t\t\t\t\t<div class=\"e-con-inner\">\n\t\t\t\t<div class=\"elementor-element elementor-element-23c161e elementor-invisible elementor-widget elementor-widget-heading\" data-id=\"23c161e\" data-element_type=\"widget\" data-settings=\"{&quot;_animation&quot;:&quot;fadeInDown&quot;}\" data-widget_type=\"heading.default\">\n\t\t\t\t<div class=\"elementor-widget-container\">\n\t\t\t\t\t<h2 class=\"elementor-heading-title elementor-size-default\">Outby Gate<\/h2>\t\t\t\t<\/div>\n\t\t\t\t<\/div>\n\t\t\t\t\t<\/div>\n\t\t\t\t<\/div>\n\t\t<div class=\"elementor-element elementor-element-e4897f8 e-flex e-con-boxed e-con e-parent\" data-id=\"e4897f8\" data-element_type=\"container\" data-settings=\"{&quot;background_background&quot;:&quot;classic&quot;}\">\n\t\t\t\t\t<div class=\"e-con-inner\">\n\t\t<div class=\"elementor-element elementor-element-84b3bec e-con-full e-flex e-con e-child\" data-id=\"84b3bec\" data-element_type=\"container\">\n\t\t<div class=\"elementor-element elementor-element-2cd01e9 e-con-full e-flex e-con e-child\" data-id=\"2cd01e9\" data-element_type=\"container\">\n\t\t\t\t<div class=\"elementor-element elementor-element-aef774f elementor-widget elementor-widget-image\" data-id=\"aef774f\" data-element_type=\"widget\" data-widget_type=\"image.default\">\n\t\t\t\t<div class=\"elementor-widget-container\">\n\t\t\t\t\t\t\t\t\t\t\t\t\t\t\t<img decoding=\"async\" src=\"https:\/\/outby.se\/newsite\/wp-content\/uploads\/2022\/11\/Outby_gate_grind-1.jpg\" title=\"\" alt=\"\" loading=\"lazy\" \/>\t\t\t\t\t\t\t\t\t\t\t\t\t\t\t<\/div>\n\t\t\t\t<\/div>\n\t\t<div class=\"elementor-element elementor-element-19dd1a9 e-con-full e-flex e-con e-child\" data-id=\"19dd1a9\" data-element_type=\"container\">\n\t\t\t\t<div class=\"elementor-element elementor-element-cf31e81 elementor-widget__width-initial elementor-widget elementor-widget-image\" data-id=\"cf31e81\" data-element_type=\"widget\" data-widget_type=\"image.default\">\n\t\t\t\t<div class=\"elementor-widget-container\">\n\t\t\t\t\t\t\t\t\t\t\t\t\t\t\t<img fetchpriority=\"high\" decoding=\"async\" width=\"1329\" height=\"2160\" src=\"https:\/\/outby.se\/newsite\/wp-content\/uploads\/2025\/09\/Outby-Gate-5.0-standing.png\" class=\"attachment-full size-full wp-image-3318\" alt=\"\" \/>\t\t\t\t\t\t\t\t\t\t\t\t\t\t\t<\/div>\n\t\t\t\t<\/div>\n\t\t\t\t<div class=\"elementor-element elementor-element-9e484b9 elementor-widget elementor-widget-image\" data-id=\"9e484b9\" data-element_type=\"widget\" data-widget_type=\"image.default\">\n\t\t\t\t<div class=\"elementor-widget-container\">\n\t\t\t\t\t\t\t\t\t\t\t\t\t\t\t<img decoding=\"async\" width=\"800\" height=\"807\" src=\"https:\/\/outby.se\/newsite\/wp-content\/uploads\/2025\/09\/Outby-Gate-5.0-2x-hanging.png\" class=\"attachment-large size-large wp-image-3319\" alt=\"\" \/>\t\t\t\t\t\t\t\t\t\t\t\t\t\t\t<\/div>\n\t\t\t\t<\/div>\n\t\t\t\t<\/div>\n\t\t\t\t<div class=\"elementor-element elementor-element-5543c5f elementor-widget elementor-widget-text-editor\" data-id=\"5543c5f\" data-element_type=\"widget\" data-widget_type=\"text-editor.default\">\n\t\t\t\t<div class=\"elementor-widget-container\">\n\t\t\t\t\t\t\t\t\t<p>Anv\u00e4nd v\u00e5r integrerade grind f\u00f6r att smidigt kontrollera inpassagen till skidliften, cykelparken eller annat omr\u00e5de ni vill ha en tydligare entr\u00e9kontroll p\u00e5. Passera den l\u00e4tt med antingen Outby-kort eller mobiltelefonen.<\/p>\t\t\t\t\t\t\t\t<\/div>\n\t\t\t\t<\/div>\n\t\t\t\t<div class=\"elementor-element elementor-element-21f42eb elementor-widget elementor-widget-text-editor\" data-id=\"21f42eb\" data-element_type=\"widget\" data-widget_type=\"text-editor.default\">\n\t\t\t\t<div class=\"elementor-widget-container\">\n\t\t\t\t\t\t\t\t\t<p><span style=\"font-weight: 400;\">Med v\u00e5r patenterade grind f\u00e5r ni b\u00e4ttre koll ute i sp\u00e5ren och i backarna. Grinden kan anpassas till alpin, l\u00e4ngd samt MTB \u2013 och passar d\u00e4rf\u00f6r anl\u00e4ggningar med olika typer av aktiviteter. Hyr den utan l\u00e5nga bindningstider. Vi tror p\u00e5 l\u00e5nga relationer med v\u00e5ra kunder och har d\u00e4rf\u00f6r en provisionsbaserad modell. N\u00e4r er anl\u00e4ggning g\u00e5r bra blir vi ocks\u00e5 n\u00f6jda!<\/span><\/p>\t\t\t\t\t\t\t\t<\/div>\n\t\t\t\t<\/div>\n\t\t\t\t<div class=\"elementor-element elementor-element-7c2eaa1 elementor-widget__width-initial elementor-widget elementor-widget-text-editor\" data-id=\"7c2eaa1\" data-element_type=\"widget\" data-widget_type=\"text-editor.default\">\n\t\t\t\t<div class=\"elementor-widget-container\">\n\t\t\t\t\t\t\t\t\t<p>Passering av grind<\/p>\t\t\t\t\t\t\t\t<\/div>\n\t\t\t\t<\/div>\n\t\t\t\t<div class=\"elementor-element elementor-element-a28c59f elementor-widget elementor-widget-text-editor\" data-id=\"a28c59f\" data-element_type=\"widget\" data-widget_type=\"text-editor.default\">\n\t\t\t\t<div class=\"elementor-widget-container\">\n\t\t\t\t\t\t\t\t\t<p><span style=\"font-weight: 400;\">F\u00f6r att era g\u00e4ster ska kunna passera grinden beh\u00f6ver de antingen Outby-kort eller en mobiltelefon med kamera som kan skanna QR-koder. L\u00e4s mer om Outby-kort <a href=\"https:\/\/outby.se\/newsite\/outby-kort\/\">h\u00e4r<\/a>.\u00a0<\/span><\/p>\t\t\t\t\t\t\t\t<\/div>\n\t\t\t\t<\/div>\n\t\t\t\t<div class=\"elementor-element elementor-element-96abba9 elementor-widget__width-initial elementor-widget elementor-widget-text-editor\" data-id=\"96abba9\" data-element_type=\"widget\" data-widget_type=\"text-editor.default\">\n\t\t\t\t<div class=\"elementor-widget-container\">\n\t\t\t\t\t\t\t\t\t<p>Funktioner<\/p>\t\t\t\t\t\t\t\t<\/div>\n\t\t\t\t<\/div>\n\t\t\t\t<div class=\"elementor-element elementor-element-2535f09 elementor-widget__width-initial elementor-widget elementor-widget-text-editor\" data-id=\"2535f09\" data-element_type=\"widget\" data-widget_type=\"text-editor.default\">\n\t\t\t\t<div class=\"elementor-widget-container\">\n\t\t\t\t\t\t\t\t\t<p>Teknisk information<\/p>\t\t\t\t\t\t\t\t<\/div>\n\t\t\t\t<\/div>\n\t\t\t\t<div class=\"elementor-element elementor-element-f9d80d9 elementor-widget elementor-widget-text-editor\" data-id=\"f9d80d9\" data-element_type=\"widget\" data-widget_type=\"text-editor.default\">\n\t\t\t\t<div class=\"elementor-widget-container\">\n\t\t\t\t\t\t\t\t\t<ul><li style=\"font-weight: 400;\" aria-level=\"1\"><span style=\"font-weight: 400;\">Ger er kontroll och koll p\u00e5 er anl\u00e4ggning<\/span><\/li><li style=\"font-weight: 400;\" aria-level=\"1\"><span style=\"font-weight: 400;\">Flexibel design med inst\u00e4llningar f\u00f6r alpin, l\u00e4ngd och MTB<\/span><\/li><li style=\"font-weight: 400;\" aria-level=\"1\"><span style=\"font-weight: 400;\">H\u00e4ngande och st\u00e5ende utf\u00f6rande som l\u00e4tt anpassas till olika sn\u00f6djup<\/span><\/li><li style=\"font-weight: 400;\" aria-level=\"1\"><span style=\"font-weight: 400;\">\u00d6ppningen f\u00f6r alpina sammanhang g\u00f6rs enklast genom blippning av ett RFID-Outby-kort, men grinden kan \u00e4ven h\u00e4r \u00f6ppnas med Bluetooth eller skanning av QR-kod med mobiltelefonen<\/span><\/li><li style=\"font-weight: 400;\" aria-level=\"1\"><span style=\"font-weight: 400;\">L\u00e5ng r\u00e4ckvidd som g\u00f6r att g\u00e4sten slipper \u00e5landet mot grindarna<\/span><\/li><\/ul>\t\t\t\t\t\t\t\t<\/div>\n\t\t\t\t<\/div>\n\t\t\t\t<div class=\"elementor-element elementor-element-1a4dec3 elementor-widget elementor-widget-text-editor\" data-id=\"1a4dec3\" data-element_type=\"widget\" data-widget_type=\"text-editor.default\">\n\t\t\t\t<div class=\"elementor-widget-container\">\n\t\t\t\t\t\t\t\t\t<p><span style=\"font-weight: 400;\"><strong>Material stolpe:<\/strong> Borstat rostfritt st\u00e5l<\/span><\/p><p><span style=\"font-weight: 400;\"><strong>Material antennhus:<\/strong> ABS-plast<\/span><\/p><p><span style=\"font-weight: 400;\"><strong>Material grindarm:<\/strong> ABS-plast<\/span><\/p><p><span style=\"font-weight: 400;\"><strong>Temperaturintervall:<\/strong> -40\u00b0C till +40 \u00b0C<\/span><\/p><p><span style=\"font-weight: 400;\"><strong>Tillverkningsland:<\/strong> Sverige<\/span><\/p><p><span style=\"font-weight: 400;\"><strong>Typer av inf\u00e4stning:<\/strong> Markmonterad och Upph\u00e4ngd<\/span><\/p><p><span style=\"font-weight: 400;\"><strong>Dimensioner stolpe:<\/strong> 120 x 190 x 1680 mm<\/span><\/p><p><span style=\"font-weight: 400;\"><strong>Dimensioner grindarm:<\/strong> 13 x 670 x 130 mm<\/span><\/p>\t\t\t\t\t\t\t\t<\/div>\n\t\t\t\t<\/div>\n\t\t\t\t<\/div>\n\t\t\t\t<\/div>\n\t\t<div class=\"elementor-element elementor-element-ccb1d12 e-flex e-con-boxed e-con e-child\" data-id=\"ccb1d12\" data-element_type=\"container\">\n\t\t\t\t\t<div class=\"e-con-inner\">\n\t\t\t\t<div class=\"elementor-element elementor-element-fa67c7d elementor-widget__width-initial elementor-widget elementor-widget-image\" data-id=\"fa67c7d\" data-element_type=\"widget\" data-widget_type=\"image.default\">\n\t\t\t\t<div class=\"elementor-widget-container\">\n\t\t\t\t\t\t\t\t\t\t\t\t\t\t\t<img decoding=\"async\" src=\"https:\/\/outby.se\/newsite\/wp-content\/uploads\/2023\/11\/grind2.jpg\" title=\"grind2\" alt=\"grind2\" loading=\"lazy\" \/>\t\t\t\t\t\t\t\t\t\t\t\t\t\t\t<\/div>\n\t\t\t\t<\/div>\n\t\t\t\t\t<\/div>\n\t\t\t\t<\/div>\n\t\t<div class=\"elementor-element elementor-element-51c9698 e-con-full e-flex e-con e-child\" data-id=\"51c9698\" data-element_type=\"container\">\n\t\t<div class=\"elementor-element elementor-element-974b89a e-con-full e-flex e-con e-child\" data-id=\"974b89a\" data-element_type=\"container\">\n\t\t\t\t<div class=\"elementor-element elementor-element-7f17145 elementor-widget__width-initial elementor-widget elementor-widget-text-editor\" data-id=\"7f17145\" data-element_type=\"widget\" data-widget_type=\"text-editor.default\">\n\t\t\t\t<div class=\"elementor-widget-container\">\n\t\t\t\t\t\t\t\t\t<p>Plug-and-play<\/p>\t\t\t\t\t\t\t\t<\/div>\n\t\t\t\t<\/div>\n\t\t\t\t<div class=\"elementor-element elementor-element-b1007e5 elementor-widget elementor-widget-text-editor\" data-id=\"b1007e5\" data-element_type=\"widget\" data-widget_type=\"text-editor.default\">\n\t\t\t\t<div class=\"elementor-widget-container\">\n\t\t\t\t\t\t\t\t\t<p><span style=\"font-weight: 400;\">Montering av grinden \u00e4r v\u00e4ldigt enkel, och n\u00e5got ni kan g\u00f6ra sj\u00e4lva. Specifika instruktioner f\u00e5r ni i en installationsmanual n\u00e4r grinden levereras till er, och inf\u00f6r det f\u00e5r ni s\u00e5klart specifikationer g\u00e4llande vad som kr\u00e4vs av platsen (s\u00e5 som gjuten plattform, anslutning, etc).&nbsp;<\/span><\/p>\t\t\t\t\t\t\t\t<\/div>\n\t\t\t\t<\/div>\n\t\t\t\t<div class=\"elementor-element elementor-element-f99c0e6 elementor-widget__width-initial elementor-widget elementor-widget-text-editor\" data-id=\"f99c0e6\" data-element_type=\"widget\" data-widget_type=\"text-editor.default\">\n\t\t\t\t<div class=\"elementor-widget-container\">\n\t\t\t\t\t\t\t\t\t<p>Hur g\u00e5r k\u00f6pprocessen till?<\/p>\t\t\t\t\t\t\t\t<\/div>\n\t\t\t\t<\/div>\n\t\t\t\t<div class=\"elementor-element elementor-element-9f8c2ba elementor-widget elementor-widget-text-editor\" data-id=\"9f8c2ba\" data-element_type=\"widget\" data-widget_type=\"text-editor.default\">\n\t\t\t\t<div class=\"elementor-widget-container\">\n\t\t\t\t\t\t\t\t\t<p><span style=\"font-weight: 400;\">1. Kontakta v\u00e5ra s\u00e4ljare f\u00f6r en demo.<\/span><\/p><div>\u00a0<\/div><p><span style=\"font-weight: 400;\">2. Ni f\u00e5r en demo av webbshoppen och grinden med all information ni beh\u00f6ver. Detta \u00e4r \u00e4ven ett ypperligt tillf\u00e4lle att involvera flera parter av er verksamhet som kan ha intresse f\u00f6r den.<\/span><\/p><div>\u00a0<\/div><p><span style=\"font-weight: 400;\">3. Beg\u00e4r att f\u00e5 ett avtal. Efter att ni granskat och tecknat avtalet \u00e4r ni ig\u00e5ng efter h\u00f6gst fyra veckor.\u00a0 Best\u00e4ller ni grindar tar det 8 veckor tills ni har dem p\u00e5 er anl\u00e4ggning d\u00e5 vi konstruerar dem p\u00e5 best\u00e4llning.<\/span><\/p><div>\u00a0<\/div><p><span style=\"font-weight: 400;\">4. Grinden levereras till er tillsammans med en installationsmanual samt en allm\u00e4n manual med good-to-knows.<\/span><\/p><div>\u00a0<\/div><p><span style=\"font-weight: 400;\">5. Ni monterar den enkelt, och njuter sedan av en tydligare entr\u00e9koll p\u00e5 er anl\u00e4ggning. Tillsammans med info fr\u00e5n kundernas k\u00f6p f\u00e5r ni massor med anv\u00e4ndbar statistik och nyttig information om er anl\u00e4ggning. Perfekt f\u00f6r att kunna f\u00f6lja upp och ta datadrivna beslut!<\/span><\/p>\t\t\t\t\t\t\t\t<\/div>\n\t\t\t\t<\/div>\n\t\t\t\t<\/div>\n\t\t\t\t<\/div>\n\t\t\t\t\t<\/div>\n\t\t\t\t<\/div>\n\t\t<div class=\"elementor-element elementor-element-33df3fb e-flex e-con-boxed e-con e-parent\" data-id=\"33df3fb\" data-element_type=\"container\" data-settings=\"{&quot;animation_mobile&quot;:&quot;none&quot;}\">\n\t\t\t\t\t<div class=\"e-con-inner\">\n\t\t<div class=\"elementor-element elementor-element-971243c e-con-full e-flex e-con e-child\" data-id=\"971243c\" data-element_type=\"container\" data-settings=\"{&quot;animation_mobile&quot;:&quot;none&quot;}\">\n\t\t\t\t<div class=\"elementor-element elementor-element-0b4dab5 elementor-widget elementor-widget-heading\" data-id=\"0b4dab5\" data-element_type=\"widget\" data-widget_type=\"heading.default\">\n\t\t\t\t<div class=\"elementor-widget-container\">\n\t\t\t\t\t<h2 class=\"elementor-heading-title elementor-size-default\">Vi \u00e4r bara ett samtal bort<\/h2>\t\t\t\t<\/div>\n\t\t\t\t<\/div>\n\t\t\t\t<div class=\"elementor-element elementor-element-a927e46 elementor-widget elementor-widget-text-editor\" data-id=\"a927e46\" data-element_type=\"widget\" data-widget_type=\"text-editor.default\">\n\t\t\t\t<div class=\"elementor-widget-container\">\n\t\t\t\t\t\t\t\t\t<p>Hur kan vi underl\u00e4tta f\u00f6r dig och din anl\u00e4ggning? L\u00e5t oss ta reda p\u00e5 det \u00f6ver ett telefonsamtal!<\/p>\t\t\t\t\t\t\t\t<\/div>\n\t\t\t\t<\/div>\n\t\t\t\t<\/div>\n\t\t<div class=\"elementor-element elementor-element-7aa7afb e-flex e-con-boxed e-con e-child\" data-id=\"7aa7afb\" data-element_type=\"container\" data-settings=\"{&quot;animation_mobile&quot;:&quot;none&quot;}\">\n\t\t\t\t\t<div class=\"e-con-inner\">\n\t\t\t\t<div class=\"elementor-element elementor-element-325025c elementor-widget elementor-widget-button\" data-id=\"325025c\" data-element_type=\"widget\" data-widget_type=\"button.default\">\n\t\t\t\t<div class=\"elementor-widget-container\">\n\t\t\t\t\t\t\t\t\t<div class=\"elementor-button-wrapper\">\n\t\t\t\t\t<a class=\"elementor-button elementor-button-link elementor-size-sm\" href=\"https:\/\/favro.com\/form\/b38f1a46ea4fe4686f1bdf3f?secret=eag1l7ISBpoI6gVrg79N0uWRrVijOlTf-7t0WkugSNv\" target=\"_blank\">\n\t\t\t\t\t\t<span class=\"elementor-button-content-wrapper\">\n\t\t\t\t\t\t\t\t\t<span class=\"elementor-button-text\">Boka ett samtal<\/span>\n\t\t\t\t\t<\/span>\n\t\t\t\t\t<\/a>\n\t\t\t\t<\/div>\n\t\t\t\t\t\t\t\t<\/div>\n\t\t\t\t<\/div>\n\t\t\t\t\t<\/div>\n\t\t\t\t<\/div>\n\t\t\t\t\t<\/div>\n\t\t\t\t<\/div>\n\t\t\t\t<\/div>\n\t\t","protected":false},"excerpt":{"rendered":"<p>Outby Gate Anv\u00e4nd v\u00e5r integrerade grind f\u00f6r att smidigt kontrollera inpassagen till skidliften, cykelparken eller annat omr\u00e5de ni vill ha en tydligare entr\u00e9kontroll p\u00e5. Passera den l\u00e4tt med antingen Outby-kort eller mobiltelefonen. Med v\u00e5r patenterade grind f\u00e5r ni b\u00e4ttre koll ute i sp\u00e5ren och i backarna. Grinden kan anpassas till alpin, l\u00e4ngd samt MTB \u2013 [&hellip;]<\/p>\n","protected":false},"author":2,"featured_media":0,"parent":0,"menu_order":0,"comment_status":"closed","ping_status":"closed","template":"","meta":{"_uag_custom_page_level_css":"","footnotes":""},"class_list":["post-1826","page","type-page","status-publish","hentry"],"uagb_featured_image_src":{"full":false,"thumbnail":false,"medium":false,"medium_large":false,"large":false,"1536x1536":false,"2048x2048":false},"uagb_author_info":{"display_name":"Constanza Lacorazza","author_link":"https:\/\/outby.se\/newsite\/author\/constanza\/"},"uagb_comment_info":0,"uagb_excerpt":"Outby Gate Anv\u00e4nd v\u00e5r integrerade grind f\u00f6r att smidigt kontrollera inpassagen till skidliften, cykelparken eller annat omr\u00e5de ni vill ha en tydligare entr\u00e9kontroll p\u00e5. Passera den l\u00e4tt med antingen Outby-kort eller mobiltelefonen. Med v\u00e5r patenterade grind f\u00e5r ni b\u00e4ttre koll ute i sp\u00e5ren och i backarna. Grinden kan anpassas till alpin, l\u00e4ngd samt MTB \u2013&hellip;","_links":{"self":[{"href":"https:\/\/outby.se\/newsite\/wp-json\/wp\/v2\/pages\/1826","targetHints":{"allow":["GET"]}}],"collection":[{"href":"https:\/\/outby.se\/newsite\/wp-json\/wp\/v2\/pages"}],"about":[{"href":"https:\/\/outby.se\/newsite\/wp-json\/wp\/v2\/types\/page"}],"author":[{"embeddable":true,"href":"https:\/\/outby.se\/newsite\/wp-json\/wp\/v2\/users\/2"}],"replies":[{"embeddable":true,"href":"https:\/\/outby.se\/newsite\/wp-json\/wp\/v2\/comments?post=1826"}],"version-history":[{"count":56,"href":"https:\/\/outby.se\/newsite\/wp-json\/wp\/v2\/pages\/1826\/revisions"}],"predecessor-version":[{"id":3326,"href":"https:\/\/outby.se\/newsite\/wp-json\/wp\/v2\/pages\/1826\/revisions\/3326"}],"wp:attachment":[{"href":"https:\/\/outby.se\/newsite\/wp-json\/wp\/v2\/media?parent=1826"}],"curies":[{"name":"wp","href":"https:\/\/api.w.org\/{rel}","templated":true}]}}