{"id":1834,"date":"2022-09-21T15:27:09","date_gmt":"2022-09-21T13:27:09","guid":{"rendered":"https:\/\/outby.se\/newsite\/?page_id=1834"},"modified":"2023-07-04T16:08:26","modified_gmt":"2023-07-04T14:08:26","slug":"skidskola","status":"publish","type":"page","link":"https:\/\/outby.se\/newsite\/skidskola\/","title":{"rendered":"Skidskola"},"content":{"rendered":"\t\t<div data-elementor-type=\"wp-page\" data-elementor-id=\"1834\" class=\"elementor elementor-1834\" data-elementor-post-type=\"page\">\n\t\t\t\t<div class=\"elementor-element elementor-element-2908a35 e-flex e-con-boxed e-con e-parent\" data-id=\"2908a35\" data-element_type=\"container\" data-settings=\"{&quot;background_background&quot;:&quot;classic&quot;}\">\n\t\t\t\t\t<div class=\"e-con-inner\">\n\t\t\t\t<div class=\"elementor-element elementor-element-8f53d73 elementor-invisible elementor-widget elementor-widget-heading\" data-id=\"8f53d73\" data-element_type=\"widget\" data-settings=\"{&quot;_animation&quot;:&quot;fadeInDown&quot;}\" data-widget_type=\"heading.default\">\n\t\t\t\t<div class=\"elementor-widget-container\">\n\t\t\t\t\t<h2 class=\"elementor-heading-title elementor-size-default\">Skidskola<\/h2>\t\t\t\t<\/div>\n\t\t\t\t<\/div>\n\t\t\t\t\t<\/div>\n\t\t\t\t<\/div>\n\t\t<div class=\"elementor-element elementor-element-6176cdd e-flex e-con-boxed e-con e-parent\" data-id=\"6176cdd\" data-element_type=\"container\" data-settings=\"{&quot;background_background&quot;:&quot;classic&quot;}\">\n\t\t\t\t\t<div class=\"e-con-inner\">\n\t\t<div class=\"elementor-element elementor-element-9e98fec e-con-full e-flex e-con e-parent\" data-id=\"9e98fec\" data-element_type=\"container\">\n\t\t<div class=\"elementor-element elementor-element-d61c1e5 e-con-full e-flex e-con e-parent\" data-id=\"d61c1e5\" data-element_type=\"container\">\n\t\t\t\t<div class=\"elementor-element elementor-element-0dfb8c8 elementor-widget elementor-widget-text-editor\" data-id=\"0dfb8c8\" data-element_type=\"widget\" data-widget_type=\"text-editor.default\">\n\t\t\t\t<div class=\"elementor-widget-container\">\n\t\t\t\t\t\t\t\t\t<p>Schemal\u00e4gg pass och l\u00e4gg upp dem i er webbshop f\u00f6r att locka era g\u00e4ster till skidskolan under sin vistelse hos er.<\/p>\t\t\t\t\t\t\t\t<\/div>\n\t\t\t\t<\/div>\n\t\t\t\t<div class=\"elementor-element elementor-element-cfc69e2 elementor-widget elementor-widget-text-editor\" data-id=\"cfc69e2\" data-element_type=\"widget\" data-widget_type=\"text-editor.default\">\n\t\t\t\t<div class=\"elementor-widget-container\">\n\t\t\t\t\t\t\t\t\t<p><span style=\"font-weight: 400;\">L\u00e4gg upp flera olika typer av pass och ange olika datum eller tidpunkter som skidskolan \u00e4ger rum. Det g\u00e5r \u00e4ven att ange om det \u00e4r ett begr\u00e4nsat antal platser eller ej. Det h\u00e4r g\u00e5r enkelt att boka f\u00f6r g\u00e4sten sj\u00e4lv i webbshoppen, eller f\u00f6r er via administrationsverktyget om de exempelvis kommer till receptioner eller ringer till er. Ni f\u00e5r en tydlig \u00f6versikt \u00f6ver vad som \u00e4r tillg\u00e4ngligt. Ni kommer \u00e4ven i framtiden kunna tilldela olika instrukt\u00f6rer till passen och kontakta deltagarna direkt d\u00e4rifr\u00e5n ifall till exempel tid eller plats har \u00e4ndrats.<\/span><\/p>\t\t\t\t\t\t\t\t<\/div>\n\t\t\t\t<\/div>\n\t\t\t\t<div class=\"elementor-element elementor-element-441a138 elementor-widget elementor-widget-image\" data-id=\"441a138\" data-element_type=\"widget\" data-widget_type=\"image.default\">\n\t\t\t\t<div class=\"elementor-widget-container\">\n\t\t\t\t\t\t\t\t\t\t\t\t\t\t\t<img fetchpriority=\"high\" decoding=\"async\" width=\"800\" height=\"428\" src=\"https:\/\/outby.se\/newsite\/wp-content\/uploads\/2022\/11\/Skidskola_Kalender2-01-1024x548.png\" class=\"attachment-large size-large wp-image-2098\" alt=\"\" srcset=\"https:\/\/outby.se\/newsite\/wp-content\/uploads\/2022\/11\/Skidskola_Kalender2-01-1024x548.png 1024w, https:\/\/outby.se\/newsite\/wp-content\/uploads\/2022\/11\/Skidskola_Kalender2-01-300x161.png 300w, https:\/\/outby.se\/newsite\/wp-content\/uploads\/2022\/11\/Skidskola_Kalender2-01-768x411.png 768w, https:\/\/outby.se\/newsite\/wp-content\/uploads\/2022\/11\/Skidskola_Kalender2-01-1536x822.png 1536w, https:\/\/outby.se\/newsite\/wp-content\/uploads\/2022\/11\/Skidskola_Kalender2-01.png 1672w\" sizes=\"(max-width: 800px) 100vw, 800px\" \/>\t\t\t\t\t\t\t\t\t\t\t\t\t\t\t<\/div>\n\t\t\t\t<\/div>\n\t\t\t\t<\/div>\n\t\t\t\t<\/div>\n\t\t\t\t\t<\/div>\n\t\t\t\t<\/div>\n\t\t<div class=\"elementor-element elementor-element-1ef1fb8 e-flex e-con-boxed e-con e-parent\" data-id=\"1ef1fb8\" data-element_type=\"container\" data-settings=\"{&quot;animation_mobile&quot;:&quot;none&quot;}\">\n\t\t\t\t\t<div class=\"e-con-inner\">\n\t\t<div class=\"elementor-element elementor-element-fd72c7c e-con-full e-flex e-con e-parent\" data-id=\"fd72c7c\" data-element_type=\"container\" data-settings=\"{&quot;animation_mobile&quot;:&quot;none&quot;}\">\n\t\t\t\t<div class=\"elementor-element elementor-element-f67e2e2 elementor-widget elementor-widget-heading\" data-id=\"f67e2e2\" data-element_type=\"widget\" data-widget_type=\"heading.default\">\n\t\t\t\t<div class=\"elementor-widget-container\">\n\t\t\t\t\t<h2 class=\"elementor-heading-title elementor-size-default\">Vi \u00e4r bara ett samtal bort<\/h2>\t\t\t\t<\/div>\n\t\t\t\t<\/div>\n\t\t\t\t<div class=\"elementor-element elementor-element-98cf292 elementor-widget elementor-widget-text-editor\" data-id=\"98cf292\" data-element_type=\"widget\" data-widget_type=\"text-editor.default\">\n\t\t\t\t<div class=\"elementor-widget-container\">\n\t\t\t\t\t\t\t\t\t<p>Hur kan vi underl\u00e4tta f\u00f6r dig och din anl\u00e4ggning? L\u00e5t oss ta reda p\u00e5 det \u00f6ver ett telefonsamtal!<\/p>\t\t\t\t\t\t\t\t<\/div>\n\t\t\t\t<\/div>\n\t\t\t\t<\/div>\n\t\t<div class=\"elementor-element elementor-element-ee89af0 e-flex e-con-boxed e-con e-parent\" data-id=\"ee89af0\" data-element_type=\"container\" data-settings=\"{&quot;animation_mobile&quot;:&quot;none&quot;}\">\n\t\t\t\t\t<div class=\"e-con-inner\">\n\t\t\t\t<div class=\"elementor-element elementor-element-fdf2dd1 elementor-widget elementor-widget-button\" data-id=\"fdf2dd1\" data-element_type=\"widget\" data-widget_type=\"button.default\">\n\t\t\t\t<div class=\"elementor-widget-container\">\n\t\t\t\t\t\t\t\t\t<div class=\"elementor-button-wrapper\">\n\t\t\t\t\t<a class=\"elementor-button elementor-button-link elementor-size-sm\" href=\"https:\/\/favro.com\/form\/b38f1a46ea4fe4686f1bdf3f?secret=eag1l7ISBpoI6gVrg79N0uWRrVijOlTf-7t0WkugSNv\" target=\"_blank\">\n\t\t\t\t\t\t<span class=\"elementor-button-content-wrapper\">\n\t\t\t\t\t\t\t\t\t<span class=\"elementor-button-text\">Boka ett samtal<\/span>\n\t\t\t\t\t<\/span>\n\t\t\t\t\t<\/a>\n\t\t\t\t<\/div>\n\t\t\t\t\t\t\t\t<\/div>\n\t\t\t\t<\/div>\n\t\t\t\t\t<\/div>\n\t\t\t\t<\/div>\n\t\t\t\t\t<\/div>\n\t\t\t\t<\/div>\n\t\t\t\t<\/div>\n\t\t","protected":false},"excerpt":{"rendered":"<p>Skidskola Schemal\u00e4gg pass och l\u00e4gg upp dem i er webbshop f\u00f6r att locka era g\u00e4ster till skidskolan under sin vistelse hos er. L\u00e4gg upp flera olika typer av pass och ange olika datum eller tidpunkter som skidskolan \u00e4ger rum. Det g\u00e5r \u00e4ven att ange om det \u00e4r ett begr\u00e4nsat antal platser eller ej. Det h\u00e4r [&hellip;]<\/p>\n","protected":false},"author":2,"featured_media":0,"parent":0,"menu_order":0,"comment_status":"closed","ping_status":"closed","template":"","meta":{"_uag_custom_page_level_css":"","footnotes":""},"class_list":["post-1834","page","type-page","status-publish","hentry"],"uagb_featured_image_src":{"full":false,"thumbnail":false,"medium":false,"medium_large":false,"large":false,"1536x1536":false,"2048x2048":false},"uagb_author_info":{"display_name":"Constanza Lacorazza","author_link":"https:\/\/outby.se\/newsite\/author\/constanza\/"},"uagb_comment_info":0,"uagb_excerpt":"Skidskola Schemal\u00e4gg pass och l\u00e4gg upp dem i er webbshop f\u00f6r att locka era g\u00e4ster till skidskolan under sin vistelse hos er. L\u00e4gg upp flera olika typer av pass och ange olika datum eller tidpunkter som skidskolan \u00e4ger rum. Det g\u00e5r \u00e4ven att ange om det \u00e4r ett begr\u00e4nsat antal platser eller ej. Det h\u00e4r&hellip;","_links":{"self":[{"href":"https:\/\/outby.se\/newsite\/wp-json\/wp\/v2\/pages\/1834","targetHints":{"allow":["GET"]}}],"collection":[{"href":"https:\/\/outby.se\/newsite\/wp-json\/wp\/v2\/pages"}],"about":[{"href":"https:\/\/outby.se\/newsite\/wp-json\/wp\/v2\/types\/page"}],"author":[{"embeddable":true,"href":"https:\/\/outby.se\/newsite\/wp-json\/wp\/v2\/users\/2"}],"replies":[{"embeddable":true,"href":"https:\/\/outby.se\/newsite\/wp-json\/wp\/v2\/comments?post=1834"}],"version-history":[{"count":28,"href":"https:\/\/outby.se\/newsite\/wp-json\/wp\/v2\/pages\/1834\/revisions"}],"predecessor-version":[{"id":2986,"href":"https:\/\/outby.se\/newsite\/wp-json\/wp\/v2\/pages\/1834\/revisions\/2986"}],"wp:attachment":[{"href":"https:\/\/outby.se\/newsite\/wp-json\/wp\/v2\/media?parent=1834"}],"curies":[{"name":"wp","href":"https:\/\/api.w.org\/{rel}","templated":true}]}}