{"id":2127,"date":"2022-11-21T12:09:45","date_gmt":"2022-11-21T11:09:45","guid":{"rendered":"https:\/\/outby.se\/newsite\/?page_id=2127"},"modified":"2023-07-04T16:06:47","modified_gmt":"2023-07-04T14:06:47","slug":"outby-kort","status":"publish","type":"page","link":"https:\/\/outby.se\/newsite\/outby-kort\/","title":{"rendered":"Outby-kort"},"content":{"rendered":"\t\t<div data-elementor-type=\"wp-page\" data-elementor-id=\"2127\" class=\"elementor elementor-2127\" data-elementor-post-type=\"page\">\n\t\t\t\t<div class=\"elementor-element elementor-element-831c479 e-flex e-con-boxed e-con e-parent\" data-id=\"831c479\" data-element_type=\"container\" data-settings=\"{&quot;background_background&quot;:&quot;classic&quot;}\">\n\t\t\t\t\t<div class=\"e-con-inner\">\n\t\t\t\t<div class=\"elementor-element elementor-element-4c07ac1 elementor-invisible elementor-widget elementor-widget-heading\" data-id=\"4c07ac1\" data-element_type=\"widget\" data-settings=\"{&quot;_animation&quot;:&quot;fadeInDown&quot;}\" data-widget_type=\"heading.default\">\n\t\t\t\t<div class=\"elementor-widget-container\">\n\t\t\t\t\t<h2 class=\"elementor-heading-title elementor-size-default\">Outby-kort<\/h2>\t\t\t\t<\/div>\n\t\t\t\t<\/div>\n\t\t\t\t\t<\/div>\n\t\t\t\t<\/div>\n\t\t<div class=\"elementor-element elementor-element-da26b8c e-flex e-con-boxed e-con e-parent\" data-id=\"da26b8c\" data-element_type=\"container\" data-settings=\"{&quot;background_background&quot;:&quot;classic&quot;}\">\n\t\t\t\t\t<div class=\"e-con-inner\">\n\t\t<div class=\"elementor-element elementor-element-c415fdb e-con-full e-flex e-con e-parent\" data-id=\"c415fdb\" data-element_type=\"container\">\n\t\t<div class=\"elementor-element elementor-element-c8b103a e-con-full e-flex e-con e-parent\" data-id=\"c8b103a\" data-element_type=\"container\">\n\t\t\t\t<div class=\"elementor-element elementor-element-88ed5b0 elementor-widget elementor-widget-text-editor\" data-id=\"88ed5b0\" data-element_type=\"widget\" data-widget_type=\"text-editor.default\">\n\t\t\t\t<div class=\"elementor-widget-container\">\n\t\t\t\t\t\t\t\t\t<p>Det fysiska Outby-kortet \u00e4r g\u00e4stens nyckel genom grinden, till v\u00e4rmestugan, boendet och st\u00e4llplatsen. Kan anv\u00e4ndas \u00e5r efter \u00e5r p\u00e5 alla anl\u00e4ggningar d\u00e4r Outby finns.<\/p>\t\t\t\t\t\t\t\t<\/div>\n\t\t\t\t<\/div>\n\t\t\t\t<div class=\"elementor-element elementor-element-d61b532 elementor-widget elementor-widget-text-editor\" data-id=\"d61b532\" data-element_type=\"widget\" data-widget_type=\"text-editor.default\">\n\t\t\t\t<div class=\"elementor-widget-container\">\n\t\t\t\t\t\t\t\t\t<p><span style=\"font-weight: 400;\">G\u00e4sten kan samla sina k\u00f6p i sitt fysiska Outby-kort och med det f\u00e5 tillg\u00e5ng till olika st\u00e4llen. Ni kan sj\u00e4lva st\u00e4lla in ifall Outby-kortet ska vara ett obligatoriskt till\u00e4gg p\u00e5 olika produkter i er webbshop. Detta garanterar d\u00e5 att g\u00e4sten k\u00f6per kortet tillsammans med exempelvis sp\u00e5rkortet eller skipasset, och kommer d\u00e4rmed igenom grinden utan problem.\u00a0<\/span><\/p><p><span style=\"font-weight: 400;\">Skipasset eller sp\u00e5rkortet finns \u00e4ven digitalt i appen, och h\u00e4r kan anv\u00e4ndaren sj\u00e4lv enkelt koppla sina k\u00f6p till sitt Outby-kort.<\/span><\/p>\t\t\t\t\t\t\t\t<\/div>\n\t\t\t\t<\/div>\n\t\t\t\t<div class=\"elementor-element elementor-element-4269da9 elementor-widget__width-initial elementor-widget elementor-widget-text-editor\" data-id=\"4269da9\" data-element_type=\"widget\" data-widget_type=\"text-editor.default\">\n\t\t\t\t<div class=\"elementor-widget-container\">\n\t\t\t\t\t\t\t\t\t<p>Best\u00e4llning av Outby-kort<\/p>\t\t\t\t\t\t\t\t<\/div>\n\t\t\t\t<\/div>\n\t\t\t\t<div class=\"elementor-element elementor-element-2e492f2 elementor-widget elementor-widget-text-editor\" data-id=\"2e492f2\" data-element_type=\"widget\" data-widget_type=\"text-editor.default\">\n\t\t\t\t<div class=\"elementor-widget-container\">\n\t\t\t\t\t\t\t\t\t<p><span style=\"font-weight: 400;\">Fr\u00e5n att vi har f\u00e5tt grafik fr\u00e5n er tar det 8 veckor f\u00f6r korten att komma fram till er, s\u00e5 se till att ha god framf\u00f6rh\u00e5llning n\u00e4r ni best\u00e4ller \u2013 denna tidsram g\u00e4ller \u00e4ven n\u00e4r ni ska fylla p\u00e5 ert lager. Ni kan antingen best\u00e4lla korten med ett standardiserat tryck eller med en personlig design skapad av oss utifr\u00e5n er logotyp, f\u00e4rger och eventuella sponsorer.<\/span><\/p>\n<p><span style=\"font-weight: 400;\">Bra att t\u00e4nka p\u00e5 om ni vill ha en design skapad av oss \u00e4r att ha <strong>h\u00f6guppl\u00f6sta bilder och logotyper<\/strong> samt att m\u00e5ttet p\u00e5 kortet \u00e4r <strong>54 x 85 mm<\/strong>. Ni v\u00e4ljer sj\u00e4lva om ni vill ha designen i st\u00e5ende format&nbsp; eller landskapsformat. Minimumbest\u00e4llning p\u00e5 kort \u00e4r <strong>250 st<\/strong> och en frakt- och expeditionsavgift tillkommer. <strong>Kontakta oss f\u00f6r att best\u00e4lla korten.<\/strong><\/span><\/p>\t\t\t\t\t\t\t\t<\/div>\n\t\t\t\t<\/div>\n\t\t\t\t<\/div>\n\t\t\t\t<\/div>\n\t\t\t\t\t<\/div>\n\t\t\t\t<\/div>\n\t\t<div class=\"elementor-element elementor-element-6b929e9 e-flex e-con-boxed e-con e-parent\" data-id=\"6b929e9\" data-element_type=\"container\" data-settings=\"{&quot;animation_mobile&quot;:&quot;none&quot;}\">\n\t\t\t\t\t<div class=\"e-con-inner\">\n\t\t<div class=\"elementor-element elementor-element-ed7dbae e-con-full e-flex e-con e-parent\" data-id=\"ed7dbae\" data-element_type=\"container\" data-settings=\"{&quot;animation_mobile&quot;:&quot;none&quot;}\">\n\t\t\t\t<div class=\"elementor-element elementor-element-6263e9c elementor-widget elementor-widget-heading\" data-id=\"6263e9c\" data-element_type=\"widget\" data-widget_type=\"heading.default\">\n\t\t\t\t<div class=\"elementor-widget-container\">\n\t\t\t\t\t<h2 class=\"elementor-heading-title elementor-size-default\">Vi \u00e4r bara ett samtal bort<\/h2>\t\t\t\t<\/div>\n\t\t\t\t<\/div>\n\t\t\t\t<div class=\"elementor-element elementor-element-2542bd5 elementor-widget elementor-widget-text-editor\" data-id=\"2542bd5\" data-element_type=\"widget\" data-widget_type=\"text-editor.default\">\n\t\t\t\t<div class=\"elementor-widget-container\">\n\t\t\t\t\t\t\t\t\t<p>Hur kan vi underl\u00e4tta f\u00f6r dig och din anl\u00e4ggning? L\u00e5t oss ta reda p\u00e5 det \u00f6ver ett telefonsamtal!<\/p>\t\t\t\t\t\t\t\t<\/div>\n\t\t\t\t<\/div>\n\t\t\t\t<\/div>\n\t\t<div class=\"elementor-element elementor-element-118586a e-flex e-con-boxed e-con e-parent\" data-id=\"118586a\" data-element_type=\"container\" data-settings=\"{&quot;animation_mobile&quot;:&quot;none&quot;}\">\n\t\t\t\t\t<div class=\"e-con-inner\">\n\t\t\t\t<div class=\"elementor-element elementor-element-748b6e8 elementor-widget elementor-widget-button\" data-id=\"748b6e8\" data-element_type=\"widget\" data-widget_type=\"button.default\">\n\t\t\t\t<div class=\"elementor-widget-container\">\n\t\t\t\t\t\t\t\t\t<div class=\"elementor-button-wrapper\">\n\t\t\t\t\t<a class=\"elementor-button elementor-button-link elementor-size-sm\" href=\"https:\/\/favro.com\/form\/b38f1a46ea4fe4686f1bdf3f?secret=eag1l7ISBpoI6gVrg79N0uWRrVijOlTf-7t0WkugSNv\" target=\"_blank\">\n\t\t\t\t\t\t<span class=\"elementor-button-content-wrapper\">\n\t\t\t\t\t\t\t\t\t<span class=\"elementor-button-text\">Boka ett samtal<\/span>\n\t\t\t\t\t<\/span>\n\t\t\t\t\t<\/a>\n\t\t\t\t<\/div>\n\t\t\t\t\t\t\t\t<\/div>\n\t\t\t\t<\/div>\n\t\t\t\t\t<\/div>\n\t\t\t\t<\/div>\n\t\t\t\t\t<\/div>\n\t\t\t\t<\/div>\n\t\t\t\t<\/div>\n\t\t","protected":false},"excerpt":{"rendered":"<p>Outby-kort Det fysiska Outby-kortet \u00e4r g\u00e4stens nyckel genom grinden, till v\u00e4rmestugan, boendet och st\u00e4llplatsen. Kan anv\u00e4ndas \u00e5r efter \u00e5r p\u00e5 alla anl\u00e4ggningar d\u00e4r Outby finns. G\u00e4sten kan samla sina k\u00f6p i sitt fysiska Outby-kort och med det f\u00e5 tillg\u00e5ng till olika st\u00e4llen. Ni kan sj\u00e4lva st\u00e4lla in ifall Outby-kortet ska vara ett obligatoriskt till\u00e4gg p\u00e5 [&hellip;]<\/p>\n","protected":false},"author":2,"featured_media":0,"parent":0,"menu_order":0,"comment_status":"closed","ping_status":"closed","template":"","meta":{"_uag_custom_page_level_css":"","footnotes":""},"class_list":["post-2127","page","type-page","status-publish","hentry"],"uagb_featured_image_src":{"full":false,"thumbnail":false,"medium":false,"medium_large":false,"large":false,"1536x1536":false,"2048x2048":false},"uagb_author_info":{"display_name":"Constanza Lacorazza","author_link":"https:\/\/outby.se\/newsite\/author\/constanza\/"},"uagb_comment_info":0,"uagb_excerpt":"Outby-kort Det fysiska Outby-kortet \u00e4r g\u00e4stens nyckel genom grinden, till v\u00e4rmestugan, boendet och st\u00e4llplatsen. Kan anv\u00e4ndas \u00e5r efter \u00e5r p\u00e5 alla anl\u00e4ggningar d\u00e4r Outby finns. G\u00e4sten kan samla sina k\u00f6p i sitt fysiska Outby-kort och med det f\u00e5 tillg\u00e5ng till olika st\u00e4llen. Ni kan sj\u00e4lva st\u00e4lla in ifall Outby-kortet ska vara ett obligatoriskt till\u00e4gg p\u00e5&hellip;","_links":{"self":[{"href":"https:\/\/outby.se\/newsite\/wp-json\/wp\/v2\/pages\/2127","targetHints":{"allow":["GET"]}}],"collection":[{"href":"https:\/\/outby.se\/newsite\/wp-json\/wp\/v2\/pages"}],"about":[{"href":"https:\/\/outby.se\/newsite\/wp-json\/wp\/v2\/types\/page"}],"author":[{"embeddable":true,"href":"https:\/\/outby.se\/newsite\/wp-json\/wp\/v2\/users\/2"}],"replies":[{"embeddable":true,"href":"https:\/\/outby.se\/newsite\/wp-json\/wp\/v2\/comments?post=2127"}],"version-history":[{"count":22,"href":"https:\/\/outby.se\/newsite\/wp-json\/wp\/v2\/pages\/2127\/revisions"}],"predecessor-version":[{"id":2974,"href":"https:\/\/outby.se\/newsite\/wp-json\/wp\/v2\/pages\/2127\/revisions\/2974"}],"wp:attachment":[{"href":"https:\/\/outby.se\/newsite\/wp-json\/wp\/v2\/media?parent=2127"}],"curies":[{"name":"wp","href":"https:\/\/api.w.org\/{rel}","templated":true}]}}