{"id":2129,"date":"2022-11-21T12:10:11","date_gmt":"2022-11-21T11:10:11","guid":{"rendered":"https:\/\/outby.se\/newsite\/?page_id=2129"},"modified":"2023-10-17T15:01:22","modified_gmt":"2023-10-17T13:01:22","slug":"direktshop","status":"publish","type":"page","link":"https:\/\/outby.se\/newsite\/direktshop\/","title":{"rendered":"Direktshop"},"content":{"rendered":"\t\t<div data-elementor-type=\"wp-page\" data-elementor-id=\"2129\" class=\"elementor elementor-2129\" data-elementor-post-type=\"page\">\n\t\t\t\t<div class=\"elementor-element elementor-element-8bff3f2 e-flex e-con-boxed e-con e-parent\" data-id=\"8bff3f2\" data-element_type=\"container\" data-settings=\"{&quot;background_background&quot;:&quot;classic&quot;}\">\n\t\t\t\t\t<div class=\"e-con-inner\">\n\t\t\t\t<div class=\"elementor-element elementor-element-a2f6443 elementor-invisible elementor-widget elementor-widget-heading\" data-id=\"a2f6443\" data-element_type=\"widget\" data-settings=\"{&quot;_animation&quot;:&quot;fadeInDown&quot;}\" data-widget_type=\"heading.default\">\n\t\t\t\t<div class=\"elementor-widget-container\">\n\t\t\t\t\t<h2 class=\"elementor-heading-title elementor-size-default\">Direktshop<\/h2>\t\t\t\t<\/div>\n\t\t\t\t<\/div>\n\t\t\t\t\t<\/div>\n\t\t\t\t<\/div>\n\t\t<div class=\"elementor-element elementor-element-8a60a3e e-flex e-con-boxed e-con e-parent\" data-id=\"8a60a3e\" data-element_type=\"container\" data-settings=\"{&quot;background_background&quot;:&quot;classic&quot;}\">\n\t\t\t\t\t<div class=\"e-con-inner\">\n\t\t<div class=\"elementor-element elementor-element-7d01679 e-con-full e-flex e-con e-child\" data-id=\"7d01679\" data-element_type=\"container\">\n\t\t<div class=\"elementor-element elementor-element-8780d6e e-con-full e-flex e-con e-child\" data-id=\"8780d6e\" data-element_type=\"container\">\n\t\t\t\t<div class=\"elementor-element elementor-element-cfccd46 elementor-widget elementor-widget-text-editor\" data-id=\"cfccd46\" data-element_type=\"widget\" data-widget_type=\"text-editor.default\">\n\t\t\t\t<div class=\"elementor-widget-container\">\n\t\t\t\t\t\t\t\t\t<p>Ge g\u00e4sten snabb \u00e5tkomst till era popul\u00e4raste produkter s\u00e5 de snabbt och smidigt kan k\u00f6pa eller boka direkt p\u00e5 plats.<\/p>\t\t\t\t\t\t\t\t<\/div>\n\t\t\t\t<\/div>\n\t\t\t\t<div class=\"elementor-element elementor-element-3389aaf elementor-widget elementor-widget-text-editor\" data-id=\"3389aaf\" data-element_type=\"widget\" data-widget_type=\"text-editor.default\">\n\t\t\t\t<div class=\"elementor-widget-container\">\n\t\t\t\t\t\t\t\t\t<p>Direktshoppen l\u00e5ter era g\u00e4ster f\u00e5 snabb \u00e5tkomst till era popul\u00e4raste produkter s\u00e5 de kan k\u00f6pa dem n\u00e4r de exempelvis \u00e4r p\u00e5 sp\u00e5ret eller vid backen. G\u00e4sten kommer \u00e5t denna via <a class=\"notion-link-token notion-focusable-token notion-enable-hover\" tabindex=\"0\" href=\"https:\/\/outby.se\/newsite\/direktkopsskylt\/\" rel=\"noopener noreferrer\" data-token-index=\"1\"><span class=\"link-annotation-unknown-block-id--1501866565\">direktk\u00f6psskyltarna<\/span><\/a>&nbsp;som placeras ut p\u00e5 er anl\u00e4ggning vid platser ni tycker passar. Vi rekommenderar att ha dem vid grinden \u2013 eller om ni inte har en s\u00e5dan: i b\u00f6rjan p\u00e5 sp\u00e5r, leder och backar, eller vid ishallen som erbjuder tidsbokning.<!-- notionvc: dba55b3d-4cc0-4375-b4be-2519bf4966cb --><\/p>\t\t\t\t\t\t\t\t<\/div>\n\t\t\t\t<\/div>\n\t\t\t\t<div class=\"elementor-element elementor-element-6d2d0d2 elementor-widget__width-initial elementor-widget elementor-widget-text-editor\" data-id=\"6d2d0d2\" data-element_type=\"widget\" data-widget_type=\"text-editor.default\">\n\t\t\t\t<div class=\"elementor-widget-container\">\n\t\t\t\t\t\t\t\t\t<p>Olika direktshoppar f\u00f6r olika syften<\/p>\t\t\t\t\t\t\t\t<\/div>\n\t\t\t\t<\/div>\n\t\t\t\t<div class=\"elementor-element elementor-element-b46a0fd elementor-widget elementor-widget-text-editor\" data-id=\"b46a0fd\" data-element_type=\"widget\" data-widget_type=\"text-editor.default\">\n\t\t\t\t<div class=\"elementor-widget-container\">\n\t\t\t\t\t\t\t\t\t<p>Ni kan skapa flera olika direktshoppar via administrationsverktyget f\u00f6r olika syften. Dessa kopplas automatiskt ihop med en QR-kod som genereras, och kan \u00e4ven kopplas till direktk\u00f6psskyltar.<!-- notionvc: 86afed8b-26bd-4e50-a1c8-c0503944abb9 --><\/p>\t\t\t\t\t\t\t\t<\/div>\n\t\t\t\t<\/div>\n\t\t\t\t<div class=\"elementor-element elementor-element-48cebb2 elementor-widget__width-initial elementor-widget elementor-widget-text-editor\" data-id=\"48cebb2\" data-element_type=\"widget\" data-widget_type=\"text-editor.default\">\n\t\t\t\t<div class=\"elementor-widget-container\">\n\t\t\t\t\t\t\t\t\t<p>Direktshop eller webbshop? B\u00e5da!<\/p>\t\t\t\t\t\t\t\t<\/div>\n\t\t\t\t<\/div>\n\t\t\t\t<div class=\"elementor-element elementor-element-c76ee27 elementor-widget elementor-widget-text-editor\" data-id=\"c76ee27\" data-element_type=\"widget\" data-widget_type=\"text-editor.default\">\n\t\t\t\t<div class=\"elementor-widget-container\">\n\t\t\t\t\t\t\t\t\t<p>Skillnaden mellan dessa \u00e4r att direktshoppen har ett begr\u00e4nsat utbud f\u00f6r att f\u00f6renkla \u00f6verblicken, men har s\u00e5klart en l\u00e4nk till webbshoppen om g\u00e4sten \u00e4ven skulle vilja n\u00e5 den. Detta g\u00f6r att k\u00f6pet g\u00e5r snabbare och g\u00e4sten kan komma ig\u00e5ng direkt. T\u00e4nk p\u00e5 att syftet med direktshoppen \u00e4r att g\u00e4sten ska ha f\u00e4rre steg fr\u00e5n att de \u00f6ppnar den till att de genomf\u00f6r sin aktivitet \u2013 ha allts\u00e5 inte produkter som kr\u00e4ver mycket information av g\u00e4sten.<\/p>\t\t\t\t\t\t\t\t<\/div>\n\t\t\t\t<\/div>\n\t\t<div class=\"elementor-element elementor-element-875c874 e-flex e-con-boxed e-con e-child\" data-id=\"875c874\" data-element_type=\"container\">\n\t\t\t\t\t<div class=\"e-con-inner\">\n\t\t\t\t<div class=\"elementor-element elementor-element-08f572e elementor-widget__width-initial elementor-widget elementor-widget-image\" data-id=\"08f572e\" data-element_type=\"widget\" data-widget_type=\"image.default\">\n\t\t\t\t<div class=\"elementor-widget-container\">\n\t\t\t\t\t\t\t\t\t\t\t\t\t\t\t<img fetchpriority=\"high\" decoding=\"async\" width=\"800\" height=\"732\" src=\"https:\/\/outby.se\/newsite\/wp-content\/uploads\/2022\/11\/direktshop3-01-1-e1668078456440-1024x937.png\" class=\"attachment-large size-large wp-image-2032\" alt=\"\" srcset=\"https:\/\/outby.se\/newsite\/wp-content\/uploads\/2022\/11\/direktshop3-01-1-e1668078456440-1024x937.png 1024w, https:\/\/outby.se\/newsite\/wp-content\/uploads\/2022\/11\/direktshop3-01-1-e1668078456440-300x274.png 300w, https:\/\/outby.se\/newsite\/wp-content\/uploads\/2022\/11\/direktshop3-01-1-e1668078456440-768x702.png 768w, https:\/\/outby.se\/newsite\/wp-content\/uploads\/2022\/11\/direktshop3-01-1-e1668078456440.png 1510w\" sizes=\"(max-width: 800px) 100vw, 800px\" \/>\t\t\t\t\t\t\t\t\t\t\t\t\t\t\t<\/div>\n\t\t\t\t<\/div>\n\t\t\t\t<div class=\"elementor-element elementor-element-f3c6172 elementor-widget elementor-widget-image\" data-id=\"f3c6172\" data-element_type=\"widget\" data-widget_type=\"image.default\">\n\t\t\t\t<div class=\"elementor-widget-container\">\n\t\t\t\t\t\t\t\t\t\t\t\t\t\t\t<img decoding=\"async\" width=\"800\" height=\"533\" src=\"https:\/\/outby.se\/newsite\/wp-content\/uploads\/2023\/10\/direktko\u0308psskylt.png\" class=\"attachment-large size-large wp-image-3056\" alt=\"\" \/>\t\t\t\t\t\t\t\t\t\t\t\t\t\t\t<\/div>\n\t\t\t\t<\/div>\n\t\t\t\t\t<\/div>\n\t\t\t\t<\/div>\n\t\t\t\t<\/div>\n\t\t\t\t<\/div>\n\t\t\t\t\t<\/div>\n\t\t\t\t<\/div>\n\t\t<div class=\"elementor-element elementor-element-a38e6e2 e-flex e-con-boxed e-con e-parent\" data-id=\"a38e6e2\" data-element_type=\"container\" data-settings=\"{&quot;animation_mobile&quot;:&quot;none&quot;}\">\n\t\t\t\t\t<div class=\"e-con-inner\">\n\t\t<div class=\"elementor-element elementor-element-0ff5a51 e-con-full e-flex e-con e-child\" data-id=\"0ff5a51\" data-element_type=\"container\" data-settings=\"{&quot;animation_mobile&quot;:&quot;none&quot;}\">\n\t\t\t\t<div class=\"elementor-element elementor-element-2260071 elementor-widget elementor-widget-heading\" data-id=\"2260071\" data-element_type=\"widget\" data-widget_type=\"heading.default\">\n\t\t\t\t<div class=\"elementor-widget-container\">\n\t\t\t\t\t<h2 class=\"elementor-heading-title elementor-size-default\">Vi \u00e4r bara ett samtal bort<\/h2>\t\t\t\t<\/div>\n\t\t\t\t<\/div>\n\t\t\t\t<div class=\"elementor-element elementor-element-fb05efa elementor-widget elementor-widget-text-editor\" data-id=\"fb05efa\" data-element_type=\"widget\" data-widget_type=\"text-editor.default\">\n\t\t\t\t<div class=\"elementor-widget-container\">\n\t\t\t\t\t\t\t\t\t<p>Hur kan vi underl\u00e4tta f\u00f6r dig och din anl\u00e4ggning? L\u00e5t oss ta reda p\u00e5 det \u00f6ver ett telefonsamtal!<\/p>\t\t\t\t\t\t\t\t<\/div>\n\t\t\t\t<\/div>\n\t\t\t\t<\/div>\n\t\t<div class=\"elementor-element elementor-element-251677f e-flex e-con-boxed e-con e-child\" data-id=\"251677f\" data-element_type=\"container\" data-settings=\"{&quot;animation_mobile&quot;:&quot;none&quot;}\">\n\t\t\t\t\t<div class=\"e-con-inner\">\n\t\t\t\t<div class=\"elementor-element elementor-element-f778845 elementor-widget elementor-widget-button\" data-id=\"f778845\" data-element_type=\"widget\" data-widget_type=\"button.default\">\n\t\t\t\t<div class=\"elementor-widget-container\">\n\t\t\t\t\t\t\t\t\t<div class=\"elementor-button-wrapper\">\n\t\t\t\t\t<a class=\"elementor-button elementor-button-link elementor-size-sm\" href=\"https:\/\/favro.com\/form\/b38f1a46ea4fe4686f1bdf3f?secret=eag1l7ISBpoI6gVrg79N0uWRrVijOlTf-7t0WkugSNv\" target=\"_blank\">\n\t\t\t\t\t\t<span class=\"elementor-button-content-wrapper\">\n\t\t\t\t\t\t\t\t\t<span class=\"elementor-button-text\">Boka ett samtal<\/span>\n\t\t\t\t\t<\/span>\n\t\t\t\t\t<\/a>\n\t\t\t\t<\/div>\n\t\t\t\t\t\t\t\t<\/div>\n\t\t\t\t<\/div>\n\t\t\t\t\t<\/div>\n\t\t\t\t<\/div>\n\t\t\t\t\t<\/div>\n\t\t\t\t<\/div>\n\t\t\t\t<\/div>\n\t\t","protected":false},"excerpt":{"rendered":"<p>Direktshop Ge g\u00e4sten snabb \u00e5tkomst till era popul\u00e4raste produkter s\u00e5 de snabbt och smidigt kan k\u00f6pa eller boka direkt p\u00e5 plats. Direktshoppen l\u00e5ter era g\u00e4ster f\u00e5 snabb \u00e5tkomst till era popul\u00e4raste produkter s\u00e5 de kan k\u00f6pa dem n\u00e4r de exempelvis \u00e4r p\u00e5 sp\u00e5ret eller vid backen. G\u00e4sten kommer \u00e5t denna via direktk\u00f6psskyltarna&nbsp;som placeras ut p\u00e5 [&hellip;]<\/p>\n","protected":false},"author":2,"featured_media":0,"parent":0,"menu_order":0,"comment_status":"closed","ping_status":"closed","template":"","meta":{"_uag_custom_page_level_css":"","footnotes":""},"class_list":["post-2129","page","type-page","status-publish","hentry"],"uagb_featured_image_src":{"full":false,"thumbnail":false,"medium":false,"medium_large":false,"large":false,"1536x1536":false,"2048x2048":false},"uagb_author_info":{"display_name":"Constanza Lacorazza","author_link":"https:\/\/outby.se\/newsite\/author\/constanza\/"},"uagb_comment_info":0,"uagb_excerpt":"Direktshop Ge g\u00e4sten snabb \u00e5tkomst till era popul\u00e4raste produkter s\u00e5 de snabbt och smidigt kan k\u00f6pa eller boka direkt p\u00e5 plats. Direktshoppen l\u00e5ter era g\u00e4ster f\u00e5 snabb \u00e5tkomst till era popul\u00e4raste produkter s\u00e5 de kan k\u00f6pa dem n\u00e4r de exempelvis \u00e4r p\u00e5 sp\u00e5ret eller vid backen. G\u00e4sten kommer \u00e5t denna via direktk\u00f6psskyltarna&nbsp;som placeras ut p\u00e5&hellip;","_links":{"self":[{"href":"https:\/\/outby.se\/newsite\/wp-json\/wp\/v2\/pages\/2129","targetHints":{"allow":["GET"]}}],"collection":[{"href":"https:\/\/outby.se\/newsite\/wp-json\/wp\/v2\/pages"}],"about":[{"href":"https:\/\/outby.se\/newsite\/wp-json\/wp\/v2\/types\/page"}],"author":[{"embeddable":true,"href":"https:\/\/outby.se\/newsite\/wp-json\/wp\/v2\/users\/2"}],"replies":[{"embeddable":true,"href":"https:\/\/outby.se\/newsite\/wp-json\/wp\/v2\/comments?post=2129"}],"version-history":[{"count":25,"href":"https:\/\/outby.se\/newsite\/wp-json\/wp\/v2\/pages\/2129\/revisions"}],"predecessor-version":[{"id":3064,"href":"https:\/\/outby.se\/newsite\/wp-json\/wp\/v2\/pages\/2129\/revisions\/3064"}],"wp:attachment":[{"href":"https:\/\/outby.se\/newsite\/wp-json\/wp\/v2\/media?parent=2129"}],"curies":[{"name":"wp","href":"https:\/\/api.w.org\/{rel}","templated":true}]}}