{"id":744,"date":"2022-08-31T09:48:22","date_gmt":"2022-08-31T07:48:22","guid":{"rendered":"https:\/\/outby.se\/newsite\/?page_id=744"},"modified":"2023-07-04T16:04:33","modified_gmt":"2023-07-04T14:04:33","slug":"kundservice","status":"publish","type":"page","link":"https:\/\/outby.se\/newsite\/kundservice\/","title":{"rendered":"Kundservice"},"content":{"rendered":"\t\t<div data-elementor-type=\"wp-page\" data-elementor-id=\"744\" class=\"elementor elementor-744\" data-elementor-post-type=\"page\">\n\t\t\t\t<div class=\"elementor-element elementor-element-b77742e e-flex e-con-boxed e-con e-parent\" data-id=\"b77742e\" data-element_type=\"container\" data-settings=\"{&quot;background_background&quot;:&quot;classic&quot;}\">\n\t\t\t\t\t<div class=\"e-con-inner\">\n\t\t\t\t<div class=\"elementor-element elementor-element-ef9ceb5 elementor-invisible elementor-widget elementor-widget-heading\" data-id=\"ef9ceb5\" data-element_type=\"widget\" data-settings=\"{&quot;_animation&quot;:&quot;fadeInDown&quot;}\" data-widget_type=\"heading.default\">\n\t\t\t\t<div class=\"elementor-widget-container\">\n\t\t\t\t\t<h2 class=\"elementor-heading-title elementor-size-default\">Kundservice<\/h2>\t\t\t\t<\/div>\n\t\t\t\t<\/div>\n\t\t\t\t\t<\/div>\n\t\t\t\t<\/div>\n\t\t<div class=\"elementor-element elementor-element-2025cc7 e-flex e-con-boxed e-con e-parent\" data-id=\"2025cc7\" data-element_type=\"container\" data-settings=\"{&quot;background_background&quot;:&quot;classic&quot;}\">\n\t\t\t\t\t<div class=\"e-con-inner\">\n\t\t<div class=\"elementor-element elementor-element-e0ea685 e-flex e-con-boxed elementor-invisible e-con e-parent\" data-id=\"e0ea685\" data-element_type=\"container\" data-settings=\"{&quot;animation&quot;:&quot;fadeInDown&quot;,&quot;animation_mobile&quot;:&quot;none&quot;}\">\n\t\t\t\t\t<div class=\"e-con-inner\">\n\t\t\t\t<div class=\"elementor-element elementor-element-2068b7c elementor-widget elementor-widget-heading\" data-id=\"2068b7c\" data-element_type=\"widget\" data-widget_type=\"heading.default\">\n\t\t\t\t<div class=\"elementor-widget-container\">\n\t\t\t\t\t<h2 class=\"elementor-heading-title elementor-size-default\">Hur kan vi hj\u00e4lpa dig idag?<\/h2>\t\t\t\t<\/div>\n\t\t\t\t<\/div>\n\t\t\t\t<div class=\"elementor-element elementor-element-2b0bd7d elementor-widget__width-initial elementor-widget-mobile__width-initial elementor-widget elementor-widget-text-editor\" data-id=\"2b0bd7d\" data-element_type=\"widget\" data-widget_type=\"text-editor.default\">\n\t\t\t\t<div class=\"elementor-widget-container\">\n\t\t\t\t\t\t\t\t\t<p>V\u00e5r filosofi \u00e4r garanterad kundn\u00f6jdhet, d\u00e4rf\u00f6r \u00e4r det viktigt f\u00f6r oss att hj\u00e4lpa dig med dina problem. V\u00e4lkommen med din fr\u00e5ga!<\/p>\t\t\t\t\t\t\t\t<\/div>\n\t\t\t\t<\/div>\n\t\t\t\t\t<\/div>\n\t\t\t\t<\/div>\n\t\t\t\t\t<\/div>\n\t\t\t\t<\/div>\n\t\t<div class=\"elementor-element elementor-element-9a92470 e-flex e-con-boxed e-con e-parent\" data-id=\"9a92470\" data-element_type=\"container\" data-settings=\"{&quot;background_background&quot;:&quot;classic&quot;}\">\n\t\t\t\t\t<div class=\"e-con-inner\">\n\t\t<div class=\"elementor-element elementor-element-3cb1107 e-flex e-con-boxed elementor-invisible e-con e-parent\" data-id=\"3cb1107\" data-element_type=\"container\" data-settings=\"{&quot;animation&quot;:&quot;fadeInDown&quot;,&quot;animation_mobile&quot;:&quot;none&quot;}\">\n\t\t\t\t\t<div class=\"e-con-inner\">\n\t\t<div class=\"elementor-element elementor-element-1f0b7e8 e-flex e-con-boxed e-con e-parent\" data-id=\"1f0b7e8\" data-element_type=\"container\">\n\t\t\t\t\t<div class=\"e-con-inner\">\n\t\t<div class=\"elementor-element elementor-element-f58ad22 e-flex e-con-boxed e-con e-parent\" data-id=\"f58ad22\" data-element_type=\"container\">\n\t\t\t\t\t<div class=\"e-con-inner\">\n\t\t\t\t<div class=\"elementor-element elementor-element-8553b00 elementor-view-default elementor-widget elementor-widget-icon\" data-id=\"8553b00\" data-element_type=\"widget\" data-widget_type=\"icon.default\">\n\t\t\t\t<div class=\"elementor-widget-container\">\n\t\t\t\t\t\t\t<div class=\"elementor-icon-wrapper\">\n\t\t\t<div class=\"elementor-icon\">\n\t\t\t<i aria-hidden=\"true\" class=\"far fa-question-circle\"><\/i>\t\t\t<\/div>\n\t\t<\/div>\n\t\t\t\t\t\t<\/div>\n\t\t\t\t<\/div>\n\t\t\t\t<div class=\"elementor-element elementor-element-9f1168a elementor-widget elementor-widget-heading\" data-id=\"9f1168a\" data-element_type=\"widget\" data-widget_type=\"heading.default\">\n\t\t\t\t<div class=\"elementor-widget-container\">\n\t\t\t\t\t<h2 class=\"elementor-heading-title elementor-size-default\">Vanliga fr\u00e5gor f\u00f6r era g\u00e4ster<\/h2>\t\t\t\t<\/div>\n\t\t\t\t<\/div>\n\t\t\t\t<div class=\"elementor-element elementor-element-252f04c elementor-widget elementor-widget-text-editor\" data-id=\"252f04c\" data-element_type=\"widget\" data-widget_type=\"text-editor.default\">\n\t\t\t\t<div class=\"elementor-widget-container\">\n\t\t\t\t\t\t\t\t\t<p>H\u00e4r har vi samlat alla vanliga fr\u00e5gor som era g\u00e4ster brukar ha kring v\u00e5rt system.<\/p>\t\t\t\t\t\t\t\t<\/div>\n\t\t\t\t<\/div>\n\t\t<div class=\"elementor-element elementor-element-0da45dc e-flex e-con-boxed e-con e-parent\" data-id=\"0da45dc\" data-element_type=\"container\">\n\t\t\t\t\t<div class=\"e-con-inner\">\n\t\t\t\t<div class=\"elementor-element elementor-element-11633d2 elementor-align-center elementor-widget elementor-widget-button\" data-id=\"11633d2\" data-element_type=\"widget\" data-widget_type=\"button.default\">\n\t\t\t\t<div class=\"elementor-widget-container\">\n\t\t\t\t\t\t\t\t\t<div class=\"elementor-button-wrapper\">\n\t\t\t\t\t<a class=\"elementor-button elementor-button-link elementor-size-sm\" href=\"https:\/\/outby.se\/newsite\/vanliga-fragor\/\">\n\t\t\t\t\t\t<span class=\"elementor-button-content-wrapper\">\n\t\t\t\t\t\t\t\t\t<span class=\"elementor-button-text\">G\u00e5 till vanliga fr\u00e5gor<\/span>\n\t\t\t\t\t<\/span>\n\t\t\t\t\t<\/a>\n\t\t\t\t<\/div>\n\t\t\t\t\t\t\t\t<\/div>\n\t\t\t\t<\/div>\n\t\t\t\t\t<\/div>\n\t\t\t\t<\/div>\n\t\t\t\t\t<\/div>\n\t\t\t\t<\/div>\n\t\t<div class=\"elementor-element elementor-element-3c56b7d e-flex e-con-boxed e-con e-parent\" data-id=\"3c56b7d\" data-element_type=\"container\">\n\t\t\t\t\t<div class=\"e-con-inner\">\n\t\t\t\t<div class=\"elementor-element elementor-element-1ca6a92 elementor-view-default elementor-widget elementor-widget-icon\" data-id=\"1ca6a92\" data-element_type=\"widget\" data-widget_type=\"icon.default\">\n\t\t\t\t<div class=\"elementor-widget-container\">\n\t\t\t\t\t\t\t<div class=\"elementor-icon-wrapper\">\n\t\t\t<div class=\"elementor-icon\">\n\t\t\t<i aria-hidden=\"true\" class=\"far fa-comments\"><\/i>\t\t\t<\/div>\n\t\t<\/div>\n\t\t\t\t\t\t<\/div>\n\t\t\t\t<\/div>\n\t\t\t\t<div class=\"elementor-element elementor-element-5d14a40 elementor-widget elementor-widget-heading\" data-id=\"5d14a40\" data-element_type=\"widget\" data-widget_type=\"heading.default\">\n\t\t\t\t<div class=\"elementor-widget-container\">\n\t\t\t\t\t<h2 class=\"elementor-heading-title elementor-size-default\">Kontakta support<\/h2>\t\t\t\t<\/div>\n\t\t\t\t<\/div>\n\t\t\t\t<div class=\"elementor-element elementor-element-55c96e8 elementor-widget elementor-widget-text-editor\" data-id=\"55c96e8\" data-element_type=\"widget\" data-widget_type=\"text-editor.default\">\n\t\t\t\t<div class=\"elementor-widget-container\">\n\t\t\t\t\t\t\t\t\t<p><span style=\"background-color: var( --e-global-color-e3c784a ); color: var( --e-global-color-secondary ); font-family: var( --e-global-typography-text-font-family ), Sans-serif; font-size: var( --e-global-typography-text-font-size ); font-style: var( --e-global-typography-text-font-style ); font-weight: var( --e-global-typography-text-font-weight );\">V\u00e4lkommen att kontakta oss med din fundering. Telefonsupporten \u00e4r bemannad <\/span><span style=\"background-color: var( --e-global-color-e3c784a ); color: var( --e-global-color-secondary ); font-family: var( --e-global-typography-text-font-family ), Sans-serif; font-size: var( --e-global-typography-text-font-size ); font-style: var( --e-global-typography-text-font-style );\"><b>vardagar kl 10-16<\/b><\/span><span style=\"background-color: var( --e-global-color-e3c784a ); color: var( --e-global-color-secondary ); font-family: var( --e-global-typography-text-font-family ), Sans-serif; font-size: var( --e-global-typography-text-font-size ); font-style: var( --e-global-typography-text-font-style ); font-weight: var( --e-global-typography-text-font-weight );\">.&nbsp;<\/span><\/p>\n<p><span style=\"background-color: var( --e-global-color-e3c784a ); color: var( --e-global-color-secondary ); font-family: var( --e-global-typography-text-font-family ), Sans-serif; font-size: var( --e-global-typography-text-font-size ); font-style: var( --e-global-typography-text-font-style ); font-weight: var( --e-global-typography-text-font-weight );\">Ring oss p\u00e5 <\/span><span style=\"background-color: var( --e-global-color-e3c784a ); color: var( --e-global-color-secondary ); font-family: var( --e-global-typography-text-font-family ), Sans-serif; font-size: var( --e-global-typography-text-font-size ); font-style: var( --e-global-typography-text-font-style );\"><b>010-641 02 12<\/b><\/span><\/p>\n<p><span style=\"color: var( --e-global-color-secondary ); background-color: var( --e-global-color-e3c784a );\">Eller mejla till <\/span><a id=\"link\" href=\"mailto:support@outby.se\">support@outby.se<\/a><\/p>\t\t\t\t\t\t\t\t<\/div>\n\t\t\t\t<\/div>\n\t\t\t\t\t<\/div>\n\t\t\t\t<\/div>\n\t\t\t\t\t<\/div>\n\t\t\t\t<\/div>\n\t\t\t\t\t<\/div>\n\t\t\t\t<\/div>\n\t\t\t\t\t<\/div>\n\t\t\t\t<\/div>\n\t\t\t\t<\/div>\n\t\t","protected":false},"excerpt":{"rendered":"<p>Kundservice Hur kan vi hj\u00e4lpa dig idag? V\u00e5r filosofi \u00e4r garanterad kundn\u00f6jdhet, d\u00e4rf\u00f6r \u00e4r det viktigt f\u00f6r oss att hj\u00e4lpa dig med dina problem. V\u00e4lkommen med din fr\u00e5ga! Vanliga fr\u00e5gor f\u00f6r era g\u00e4ster H\u00e4r har vi samlat alla vanliga fr\u00e5gor som era g\u00e4ster brukar ha kring v\u00e5rt system. G\u00e5 till vanliga fr\u00e5gor Kontakta support V\u00e4lkommen [&hellip;]<\/p>\n","protected":false},"author":2,"featured_media":0,"parent":0,"menu_order":0,"comment_status":"closed","ping_status":"closed","template":"","meta":{"_uag_custom_page_level_css":"","footnotes":""},"class_list":["post-744","page","type-page","status-publish","hentry"],"uagb_featured_image_src":{"full":false,"thumbnail":false,"medium":false,"medium_large":false,"large":false,"1536x1536":false,"2048x2048":false},"uagb_author_info":{"display_name":"Constanza Lacorazza","author_link":"https:\/\/outby.se\/newsite\/author\/constanza\/"},"uagb_comment_info":0,"uagb_excerpt":"Kundservice Hur kan vi hj\u00e4lpa dig idag? V\u00e5r filosofi \u00e4r garanterad kundn\u00f6jdhet, d\u00e4rf\u00f6r \u00e4r det viktigt f\u00f6r oss att hj\u00e4lpa dig med dina problem. V\u00e4lkommen med din fr\u00e5ga! Vanliga fr\u00e5gor f\u00f6r era g\u00e4ster H\u00e4r har vi samlat alla vanliga fr\u00e5gor som era g\u00e4ster brukar ha kring v\u00e5rt system. G\u00e5 till vanliga fr\u00e5gor Kontakta support V\u00e4lkommen&hellip;","_links":{"self":[{"href":"https:\/\/outby.se\/newsite\/wp-json\/wp\/v2\/pages\/744","targetHints":{"allow":["GET"]}}],"collection":[{"href":"https:\/\/outby.se\/newsite\/wp-json\/wp\/v2\/pages"}],"about":[{"href":"https:\/\/outby.se\/newsite\/wp-json\/wp\/v2\/types\/page"}],"author":[{"embeddable":true,"href":"https:\/\/outby.se\/newsite\/wp-json\/wp\/v2\/users\/2"}],"replies":[{"embeddable":true,"href":"https:\/\/outby.se\/newsite\/wp-json\/wp\/v2\/comments?post=744"}],"version-history":[{"count":99,"href":"https:\/\/outby.se\/newsite\/wp-json\/wp\/v2\/pages\/744\/revisions"}],"predecessor-version":[{"id":2959,"href":"https:\/\/outby.se\/newsite\/wp-json\/wp\/v2\/pages\/744\/revisions\/2959"}],"wp:attachment":[{"href":"https:\/\/outby.se\/newsite\/wp-json\/wp\/v2\/media?parent=744"}],"curies":[{"name":"wp","href":"https:\/\/api.w.org\/{rel}","templated":true}]}}